{"id":3819,"date":"2025-01-07T08:52:27","date_gmt":"2025-01-07T08:52:27","guid":{"rendered":"https:\/\/www.clearshiftinc.com\/saugumas\/"},"modified":"2025-08-05T07:32:03","modified_gmt":"2025-08-05T07:32:03","slug":"saugumas","status":"publish","type":"page","link":"https:\/\/clearshiftinc.com\/lt\/saugumas\/","title":{"rendered":"Saugumas"},"content":{"rendered":"<p><strong>Saugumas<\/strong><br \/>\nMes rimtai vertiname prisiimt\u0105 atsakomyb\u0119 tvarkyti \u017emoni\u0173 pinigus. \u0116m\u0117m\u0117s aktyvi\u0173 veiksm\u0173 ir taikome \u012fvairi\u0105 geriausi\u0105 praktik\u0105, kad u\u017etikrintume savo proces\u0173 ir klient\u0173 pinig\u0173 saugum\u0105. Pagal savo politik\u0105 \u201eClearshift\u201c visas klient\u0173 l\u0117\u0161as atskiria \u012f specialiai tam skirtas banko s\u0105skaitas. Kitaip tariant, j\u016bs\u0173 pinigai niekada nepatenka \u012f m\u016bs\u0173 ki\u0161en\u0119. Taip siekiame apsaugoti j\u016bs\u0173 pinigus nuo bet kokios su m\u016bs\u0173 verslu susijusios rizikos. Siekdama apsaugoti m\u016bs\u0173 atskirtas klient\u0173 l\u0117\u0161as nuo i\u0161orin\u0117s rizikos, \u201eClearshift\u201c laikosi absoliu\u010dios politikos, draud\u017eian\u010dios klientui i\u0161mok\u0117ti l\u0117\u0161as, gautas i\u0161 valiut\u0173 keitimo sandorio, kol klientas savo \u201eClearshift\u201c s\u0105skaitoje neturi pakankamai l\u0117\u0161\u0173 sandoriui padengti. Nors d\u0117l to gali pailg\u0117ti sandorio ciklas ir kai kuriems klientams gali kilti nepatogum\u0173, laikydamiesi bendr\u0173 atsiskaitym\u0173 sistemos saugumo ir sprendim\u0173 vientisumo, negalime prisiimti pervedimo rizikos N\u0116 VIENO kliento atveju.<br \/>\n\u201eClearshift\u201c taip pat yra apdrausta. Turime \u0161ias standartines finans\u0173 \u012fstaigos draudimo garantijas: nuo finansini\u0173 nusikaltim\u0173, nuo klaid\u0173 ir neatitikim\u0173. Esam\u0173 draudimo liudijim\u0173 kopijas galima gauti pateikus pra\u0161ym\u0105.<\/p>\n<p>Be to, \u201eClearshift\u201c yra nepriklausomai <strong><a href=\"https:\/\/www.clearshiftinc.com\/wp-content\/uploads\/2020\/12\/Clearshift-site-security-statment-1.pdf\" target=\"_blank\" rel=\"noopener noreferrer\">audituojama<\/a><\/strong> d\u0117l atitikties tarptautin\u0117ms duomen\u0173 apsaugos ir privatumo taisykl\u0117ms.<\/p>\n<p><strong>Veiklos prie\u017ei\u016bra<\/strong><br \/>\nPinig\u0173 pervedimo verslas yra grie\u017etai reglamentuojamas visame pasaulyje. Reguliavimu siekiama apsaugoti visuomen\u0119 ir u\u017ekirsti keli\u0105 pinig\u0173 plovimui bei terorizmo finansavimui. D\u0117l licencijavimo reikalavim\u0173 ir reguliavimo apribojim\u0173 \u201eClearshift\u201c gali b\u016bti apribota galimyb\u0117 teikti paslaugas klientams \u012fvairiose \u0161alyse ar valstyb\u0117se ir \u012fvairiuose sektoriuose. \u201eClearshift\u201c ragina savo klientus jaustis saugiai d\u0117l nepriklausomos reguliavimo institucij\u0173 prie\u017ei\u016bros, taikomos \u201eClearshift\u201c. UAB \u201eClearshift\u201c yra <strong><a href=\"https:\/\/www.lb.lt\/lt\/frd-licencijos\/view_license?id=1932\">licencijuota<\/a> <\/strong>kaip Lietuvoje registruota elektronini\u0173 pinig\u0173 \u012fstaiga, kuri\u0105 \u012fgaliojo ir jos veikl\u0105 reguliuoja Lietuvos bankas.<br \/>\nIzraelyje \u201eClearshift Israel Ltd.\u201c turi <strong><a href=\"https:\/\/www.gov.il\/en\/departments\/Units\/department_cma\">Izraelio finans\u0173 ministerijos Kapitalo rink\u0173, draudimo ir taupymo tarnybos<\/a><\/strong> i\u0161duot\u0105 licencij\u0105 kaip reguliuojam\u0173 finansini\u0173 paslaug\u0173 teik\u0117jai, licencijos <strong><a href=\"https:\/\/fslproviders.cma.gov.il\/\">Nr. 56955<\/a><\/strong>.<\/p>\n<p>Jungtin\u0117se Amerikos Valstijose \u201eClearshift\u201c yra registruota I\u017edo departamente kaip pinig\u0173 paslaug\u0173 \u012fmon\u0117, o Naujojo D\u017eersio bank\u0173 draudimo departamentas jai yra i\u0161dav\u0119s pinig\u0173 pervedimo <strong><a href=\"https:\/\/www.clearshiftinc.com\/wp-content\/uploads\/2025\/08\/Clearshift-US-License-expires-June-2026.pdf\">licencij\u0105<\/a><\/strong>.<\/p>\n<p>Pra\u0161ome susipa\u017einti su m\u016bs\u0173 <a title=\"Bendrosios s\u0105lygos\" href=\"https:\/\/www.clearshiftinc.com\/lt\/bendrosios-salygos\/\"><strong>S\u0105lygomis<\/strong><\/a>.<\/p>\n","protected":false},"excerpt":{"rendered":"<p>Saugumas Mes rimtai vertiname prisiimt\u0105 atsakomyb\u0119 tvarkyti \u017emoni\u0173 pinigus. \u0116m\u0117m\u0117s aktyvi\u0173 veiksm\u0173 ir taikome \u012fvairi\u0105 geriausi\u0105 praktik\u0105, kad u\u017etikrintume savo proces\u0173 ir klient\u0173 pinig\u0173 saugum\u0105. Pagal savo politik\u0105 \u201eClearshift\u201c visas klient\u0173 l\u0117\u0161as atskiria \u012f specialiai tam skirtas banko s\u0105skaitas. Kitaip tariant, j\u016bs\u0173 pinigai niekada nepatenka \u012f m\u016bs\u0173 ki\u0161en\u0119. Taip siekiame apsaugoti j\u016bs\u0173 pinigus nuo bet [&hellip;]<\/p>\n","protected":false},"author":1,"featured_media":0,"parent":0,"menu_order":0,"comment_status":"closed","ping_status":"closed","template":"pages\/page-security.php","meta":{"_acf_changed":false,"footnotes":""},"class_list":["post-3819","page","type-page","status-publish","hentry"],"acf":[],"yoast_head":"<!-- This site is optimized with the Yoast SEO plugin v27.2 - https:\/\/yoast.com\/product\/yoast-seo-wordpress\/ -->\n<title>Saugumas - Clearshift<\/title>\n<meta name=\"description\" content=\"M\u0113s neuztveram vieglpr\u0101t\u012bgi atbild\u012bbu par r\u012bc\u012bbu ar cilv\u0113ku naudu. M\u0113s esam izmantoju\u0161i proakt\u012bvu pieeju, izmantojot da\u017e\u0101das lab\u0101k\u0101s prakses, lai nodro\u0161in\u0101tu m\u016bsu procesu dro\u0161\u012bbu un klientu naudas dro\u0161\u012bbu\" \/>\n<meta name=\"robots\" content=\"index, follow, max-snippet:-1, max-image-preview:large, max-video-preview:-1\" \/>\n<link rel=\"canonical\" href=\"https:\/\/clearshiftinc.com\/security\/\" \/>\n<meta property=\"og:locale\" content=\"lt_LT\" \/>\n<meta property=\"og:type\" content=\"article\" \/>\n<meta property=\"og:title\" content=\"Saugumas - Clearshift\" \/>\n<meta property=\"og:description\" content=\"M\u0113s neuztveram vieglpr\u0101t\u012bgi atbild\u012bbu par r\u012bc\u012bbu ar cilv\u0113ku naudu. M\u0113s esam izmantoju\u0161i proakt\u012bvu pieeju, izmantojot da\u017e\u0101das lab\u0101k\u0101s prakses, lai nodro\u0161in\u0101tu m\u016bsu procesu dro\u0161\u012bbu un klientu naudas dro\u0161\u012bbu\" \/>\n<meta property=\"og:url\" content=\"https:\/\/clearshiftinc.com\/security\/\" \/>\n<meta property=\"og:site_name\" content=\"Clearshift\" \/>\n<meta property=\"article:modified_time\" content=\"2025-08-05T07:32:03+00:00\" \/>\n<meta name=\"twitter:card\" content=\"summary_large_image\" \/>\n<meta name=\"twitter:label1\" content=\"Est. reading time\" \/>\n\t<meta name=\"twitter:data1\" content=\"2 minut\u0117s\" \/>\n<script type=\"application\/ld+json\" class=\"yoast-schema-graph\">{\"@context\":\"https:\/\/schema.org\",\"@graph\":[{\"@type\":\"WebPage\",\"@id\":\"https:\/\/clearshiftinc.com\/security\/\",\"url\":\"https:\/\/clearshiftinc.com\/security\/\",\"name\":\"Saugumas - Clearshift\",\"isPartOf\":{\"@id\":\"https:\/\/clearshiftinc.com\/#website\"},\"datePublished\":\"2025-01-07T08:52:27+00:00\",\"dateModified\":\"2025-08-05T07:32:03+00:00\",\"description\":\"M\u0113s neuztveram vieglpr\u0101t\u012bgi atbild\u012bbu par r\u012bc\u012bbu ar cilv\u0113ku naudu. M\u0113s esam izmantoju\u0161i proakt\u012bvu pieeju, izmantojot da\u017e\u0101das lab\u0101k\u0101s prakses, lai nodro\u0161in\u0101tu m\u016bsu procesu dro\u0161\u012bbu un klientu naudas dro\u0161\u012bbu\",\"breadcrumb\":{\"@id\":\"https:\/\/clearshiftinc.com\/security\/#breadcrumb\"},\"inLanguage\":\"lt-LT\",\"potentialAction\":[{\"@type\":\"ReadAction\",\"target\":[\"https:\/\/clearshiftinc.com\/security\/\"]}]},{\"@type\":\"BreadcrumbList\",\"@id\":\"https:\/\/clearshiftinc.com\/security\/#breadcrumb\",\"itemListElement\":[{\"@type\":\"ListItem\",\"position\":1,\"name\":\"Home\",\"item\":\"https:\/\/clearshiftinc.com\/lt\/\"},{\"@type\":\"ListItem\",\"position\":2,\"name\":\"Saugumas\"}]},{\"@type\":\"WebSite\",\"@id\":\"https:\/\/clearshiftinc.com\/#website\",\"url\":\"https:\/\/clearshiftinc.com\/\",\"name\":\"Clearshift\",\"description\":\"\",\"potentialAction\":[{\"@type\":\"SearchAction\",\"target\":{\"@type\":\"EntryPoint\",\"urlTemplate\":\"https:\/\/clearshiftinc.com\/?s={search_term_string}\"},\"query-input\":{\"@type\":\"PropertyValueSpecification\",\"valueRequired\":true,\"valueName\":\"search_term_string\"}}],\"inLanguage\":\"lt-LT\"}]}<\/script>\n<!-- \/ Yoast SEO plugin. -->","yoast_head_json":{"title":"Saugumas - Clearshift","description":"M\u0113s neuztveram vieglpr\u0101t\u012bgi atbild\u012bbu par r\u012bc\u012bbu ar cilv\u0113ku naudu. M\u0113s esam izmantoju\u0161i proakt\u012bvu pieeju, izmantojot da\u017e\u0101das lab\u0101k\u0101s prakses, lai nodro\u0161in\u0101tu m\u016bsu procesu dro\u0161\u012bbu un klientu naudas dro\u0161\u012bbu","robots":{"index":"index","follow":"follow","max-snippet":"max-snippet:-1","max-image-preview":"max-image-preview:large","max-video-preview":"max-video-preview:-1"},"canonical":"https:\/\/clearshiftinc.com\/security\/","og_locale":"lt_LT","og_type":"article","og_title":"Saugumas - Clearshift","og_description":"M\u0113s neuztveram vieglpr\u0101t\u012bgi atbild\u012bbu par r\u012bc\u012bbu ar cilv\u0113ku naudu. M\u0113s esam izmantoju\u0161i proakt\u012bvu pieeju, izmantojot da\u017e\u0101das lab\u0101k\u0101s prakses, lai nodro\u0161in\u0101tu m\u016bsu procesu dro\u0161\u012bbu un klientu naudas dro\u0161\u012bbu","og_url":"https:\/\/clearshiftinc.com\/security\/","og_site_name":"Clearshift","article_modified_time":"2025-08-05T07:32:03+00:00","twitter_card":"summary_large_image","twitter_misc":{"Est. reading time":"2 minut\u0117s"},"schema":{"@context":"https:\/\/schema.org","@graph":[{"@type":"WebPage","@id":"https:\/\/clearshiftinc.com\/security\/","url":"https:\/\/clearshiftinc.com\/security\/","name":"Saugumas - Clearshift","isPartOf":{"@id":"https:\/\/clearshiftinc.com\/#website"},"datePublished":"2025-01-07T08:52:27+00:00","dateModified":"2025-08-05T07:32:03+00:00","description":"M\u0113s neuztveram vieglpr\u0101t\u012bgi atbild\u012bbu par r\u012bc\u012bbu ar cilv\u0113ku naudu. M\u0113s esam izmantoju\u0161i proakt\u012bvu pieeju, izmantojot da\u017e\u0101das lab\u0101k\u0101s prakses, lai nodro\u0161in\u0101tu m\u016bsu procesu dro\u0161\u012bbu un klientu naudas dro\u0161\u012bbu","breadcrumb":{"@id":"https:\/\/clearshiftinc.com\/security\/#breadcrumb"},"inLanguage":"lt-LT","potentialAction":[{"@type":"ReadAction","target":["https:\/\/clearshiftinc.com\/security\/"]}]},{"@type":"BreadcrumbList","@id":"https:\/\/clearshiftinc.com\/security\/#breadcrumb","itemListElement":[{"@type":"ListItem","position":1,"name":"Home","item":"https:\/\/clearshiftinc.com\/lt\/"},{"@type":"ListItem","position":2,"name":"Saugumas"}]},{"@type":"WebSite","@id":"https:\/\/clearshiftinc.com\/#website","url":"https:\/\/clearshiftinc.com\/","name":"Clearshift","description":"","potentialAction":[{"@type":"SearchAction","target":{"@type":"EntryPoint","urlTemplate":"https:\/\/clearshiftinc.com\/?s={search_term_string}"},"query-input":{"@type":"PropertyValueSpecification","valueRequired":true,"valueName":"search_term_string"}}],"inLanguage":"lt-LT"}]}},"_links":{"self":[{"href":"https:\/\/clearshiftinc.com\/lt\/wp-json\/wp\/v2\/pages\/3819","targetHints":{"allow":["GET"]}}],"collection":[{"href":"https:\/\/clearshiftinc.com\/lt\/wp-json\/wp\/v2\/pages"}],"about":[{"href":"https:\/\/clearshiftinc.com\/lt\/wp-json\/wp\/v2\/types\/page"}],"author":[{"embeddable":true,"href":"https:\/\/clearshiftinc.com\/lt\/wp-json\/wp\/v2\/users\/1"}],"replies":[{"embeddable":true,"href":"https:\/\/clearshiftinc.com\/lt\/wp-json\/wp\/v2\/comments?post=3819"}],"version-history":[{"count":4,"href":"https:\/\/clearshiftinc.com\/lt\/wp-json\/wp\/v2\/pages\/3819\/revisions"}],"predecessor-version":[{"id":4539,"href":"https:\/\/clearshiftinc.com\/lt\/wp-json\/wp\/v2\/pages\/3819\/revisions\/4539"}],"wp:attachment":[{"href":"https:\/\/clearshiftinc.com\/lt\/wp-json\/wp\/v2\/media?parent=3819"}],"curies":[{"name":"wp","href":"https:\/\/api.w.org\/{rel}","templated":true}]}}