{"id":3798,"date":"2025-01-06T14:57:22","date_gmt":"2025-01-06T14:57:22","guid":{"rendered":"https:\/\/www.clearshiftinc.com\/pagrindinis-puslapis\/"},"modified":"2026-01-07T10:49:34","modified_gmt":"2026-01-07T10:49:34","slug":"pagrindinis-puslapis","status":"publish","type":"page","link":"https:\/\/clearshiftinc.com\/lt\/","title":{"rendered":"Pagrindinis puslapis"},"content":{"rendered":"","protected":false},"excerpt":{"rendered":"","protected":false},"author":1,"featured_media":0,"parent":0,"menu_order":0,"comment_status":"closed","ping_status":"open","template":"front-page.php","meta":{"_acf_changed":false,"footnotes":""},"class_list":["post-3798","page","type-page","status-publish","hentry"],"acf":[],"yoast_head":"<!-- This site is optimized with the Yoast SEO plugin v27.2 - https:\/\/yoast.com\/product\/yoast-seo-wordpress\/ -->\n<title>Tarptautinis pinig\u0173 pervedimas | Valiutos keitimas | \u201eClearshift\u201c<\/title>\n<meta name=\"description\" content=\"Tarptautiniai pinig\u0173 pervedimai \u012fmon\u0117ms. Visi valiutos keitimai atliekami pagal oficial\u0173 Europos centrinio banko (ECB) kurs\u0105 be joki\u0173 pasl\u0117pt\u0173 mokes\u010di\u0173!\" \/>\n<meta name=\"robots\" content=\"index, follow, max-snippet:-1, max-image-preview:large, max-video-preview:-1\" \/>\n<link rel=\"canonical\" href=\"https:\/\/clearshiftinc.com\/lt\/\" \/>\n<meta property=\"og:locale\" content=\"lt_LT\" \/>\n<meta property=\"og:type\" content=\"article\" \/>\n<meta property=\"og:title\" content=\"Tarptautinis pinig\u0173 pervedimas | Valiutos keitimas | \u201eClearshift\u201c\" \/>\n<meta property=\"og:description\" content=\"Tarptautiniai pinig\u0173 pervedimai \u012fmon\u0117ms. Visi valiutos keitimai atliekami pagal oficial\u0173 Europos centrinio banko (ECB) kurs\u0105 be joki\u0173 pasl\u0117pt\u0173 mokes\u010di\u0173!\" \/>\n<meta property=\"og:url\" content=\"https:\/\/clearshiftinc.com\/lt\/\" \/>\n<meta property=\"og:site_name\" content=\"Clearshift\" \/>\n<meta property=\"article:modified_time\" content=\"2026-01-07T10:49:34+00:00\" \/>\n<meta name=\"twitter:card\" content=\"summary_large_image\" \/>\n<script type=\"application\/ld+json\" class=\"yoast-schema-graph\">{\"@context\":\"https:\/\/schema.org\",\"@graph\":[{\"@type\":\"WebPage\",\"@id\":\"https:\/\/clearshiftinc.com\/lt\/\",\"url\":\"https:\/\/clearshiftinc.com\/lt\/\",\"name\":\"Tarptautinis pinig\u0173 pervedimas | Valiutos keitimas | \u201eClearshift\u201c\",\"isPartOf\":{\"@id\":\"https:\/\/clearshiftinc.com\/#website\"},\"datePublished\":\"2025-01-06T14:57:22+00:00\",\"dateModified\":\"2026-01-07T10:49:34+00:00\",\"description\":\"Tarptautiniai pinig\u0173 pervedimai \u012fmon\u0117ms. Visi valiutos keitimai atliekami pagal oficial\u0173 Europos centrinio banko (ECB) kurs\u0105 be joki\u0173 pasl\u0117pt\u0173 mokes\u010di\u0173!\",\"breadcrumb\":{\"@id\":\"https:\/\/clearshiftinc.com\/lt\/#breadcrumb\"},\"inLanguage\":\"lt-LT\",\"potentialAction\":[{\"@type\":\"ReadAction\",\"target\":[\"https:\/\/clearshiftinc.com\/lt\/\"]}]},{\"@type\":\"BreadcrumbList\",\"@id\":\"https:\/\/clearshiftinc.com\/lt\/#breadcrumb\",\"itemListElement\":[{\"@type\":\"ListItem\",\"position\":1,\"name\":\"Home\",\"item\":\"https:\/\/clearshiftinc.com\/lt\/\"},{\"@type\":\"ListItem\",\"position\":2,\"name\":\"Pagrindinis puslapis\"}]},{\"@type\":\"WebSite\",\"@id\":\"https:\/\/clearshiftinc.com\/#website\",\"url\":\"https:\/\/clearshiftinc.com\/\",\"name\":\"Clearshift\",\"description\":\"\",\"potentialAction\":[{\"@type\":\"SearchAction\",\"target\":{\"@type\":\"EntryPoint\",\"urlTemplate\":\"https:\/\/clearshiftinc.com\/?s={search_term_string}\"},\"query-input\":{\"@type\":\"PropertyValueSpecification\",\"valueRequired\":true,\"valueName\":\"search_term_string\"}}],\"inLanguage\":\"lt-LT\"}]}<\/script>\n<!-- \/ Yoast SEO plugin. -->","yoast_head_json":{"title":"Tarptautinis pinig\u0173 pervedimas | Valiutos keitimas | \u201eClearshift\u201c","description":"Tarptautiniai pinig\u0173 pervedimai \u012fmon\u0117ms. Visi valiutos keitimai atliekami pagal oficial\u0173 Europos centrinio banko (ECB) kurs\u0105 be joki\u0173 pasl\u0117pt\u0173 mokes\u010di\u0173!","robots":{"index":"index","follow":"follow","max-snippet":"max-snippet:-1","max-image-preview":"max-image-preview:large","max-video-preview":"max-video-preview:-1"},"canonical":"https:\/\/clearshiftinc.com\/lt\/","og_locale":"lt_LT","og_type":"article","og_title":"Tarptautinis pinig\u0173 pervedimas | Valiutos keitimas | \u201eClearshift\u201c","og_description":"Tarptautiniai pinig\u0173 pervedimai \u012fmon\u0117ms. Visi valiutos keitimai atliekami pagal oficial\u0173 Europos centrinio banko (ECB) kurs\u0105 be joki\u0173 pasl\u0117pt\u0173 mokes\u010di\u0173!","og_url":"https:\/\/clearshiftinc.com\/lt\/","og_site_name":"Clearshift","article_modified_time":"2026-01-07T10:49:34+00:00","twitter_card":"summary_large_image","schema":{"@context":"https:\/\/schema.org","@graph":[{"@type":"WebPage","@id":"https:\/\/clearshiftinc.com\/lt\/","url":"https:\/\/clearshiftinc.com\/lt\/","name":"Tarptautinis pinig\u0173 pervedimas | Valiutos keitimas | \u201eClearshift\u201c","isPartOf":{"@id":"https:\/\/clearshiftinc.com\/#website"},"datePublished":"2025-01-06T14:57:22+00:00","dateModified":"2026-01-07T10:49:34+00:00","description":"Tarptautiniai pinig\u0173 pervedimai \u012fmon\u0117ms. Visi valiutos keitimai atliekami pagal oficial\u0173 Europos centrinio banko (ECB) kurs\u0105 be joki\u0173 pasl\u0117pt\u0173 mokes\u010di\u0173!","breadcrumb":{"@id":"https:\/\/clearshiftinc.com\/lt\/#breadcrumb"},"inLanguage":"lt-LT","potentialAction":[{"@type":"ReadAction","target":["https:\/\/clearshiftinc.com\/lt\/"]}]},{"@type":"BreadcrumbList","@id":"https:\/\/clearshiftinc.com\/lt\/#breadcrumb","itemListElement":[{"@type":"ListItem","position":1,"name":"Home","item":"https:\/\/clearshiftinc.com\/lt\/"},{"@type":"ListItem","position":2,"name":"Pagrindinis puslapis"}]},{"@type":"WebSite","@id":"https:\/\/clearshiftinc.com\/#website","url":"https:\/\/clearshiftinc.com\/","name":"Clearshift","description":"","potentialAction":[{"@type":"SearchAction","target":{"@type":"EntryPoint","urlTemplate":"https:\/\/clearshiftinc.com\/?s={search_term_string}"},"query-input":{"@type":"PropertyValueSpecification","valueRequired":true,"valueName":"search_term_string"}}],"inLanguage":"lt-LT"}]}},"_links":{"self":[{"href":"https:\/\/clearshiftinc.com\/lt\/wp-json\/wp\/v2\/pages\/3798","targetHints":{"allow":["GET"]}}],"collection":[{"href":"https:\/\/clearshiftinc.com\/lt\/wp-json\/wp\/v2\/pages"}],"about":[{"href":"https:\/\/clearshiftinc.com\/lt\/wp-json\/wp\/v2\/types\/page"}],"author":[{"embeddable":true,"href":"https:\/\/clearshiftinc.com\/lt\/wp-json\/wp\/v2\/users\/1"}],"replies":[{"embeddable":true,"href":"https:\/\/clearshiftinc.com\/lt\/wp-json\/wp\/v2\/comments?post=3798"}],"version-history":[{"count":7,"href":"https:\/\/clearshiftinc.com\/lt\/wp-json\/wp\/v2\/pages\/3798\/revisions"}],"predecessor-version":[{"id":4591,"href":"https:\/\/clearshiftinc.com\/lt\/wp-json\/wp\/v2\/pages\/3798\/revisions\/4591"}],"wp:attachment":[{"href":"https:\/\/clearshiftinc.com\/lt\/wp-json\/wp\/v2\/media?parent=3798"}],"curies":[{"name":"wp","href":"https:\/\/api.w.org\/{rel}","templated":true}]}}