{"id":3797,"date":"2025-01-06T14:45:34","date_gmt":"2025-01-06T14:45:34","guid":{"rendered":"https:\/\/www.clearshiftinc.com\/clearshift-mokescio-struktura\/"},"modified":"2025-01-06T14:45:34","modified_gmt":"2025-01-06T14:45:34","slug":"clearshift-mokescio-struktura","status":"publish","type":"page","link":"https:\/\/clearshiftinc.com\/lt\/clearshift-mokescio-struktura\/","title":{"rendered":"\u201eCLEARSHIFT\u201c MOKES\u010cIO STRUKT\u016aRA"},"content":{"rendered":"<h3><b>Verslo \/ Ne pelno siekian\u010di\u0173 organizacij\u0173 s\u0105skaitos (savininkas i\u0161 EEA \u0161ali\u0173)<\/b><\/h3>\n<p>Yra 2 Verslo \/ Ne pelno siekian\u010di\u0173 organizacij\u0173 kain\u0173 grup\u0117s:<\/p>\n<p>A.\u00a0 \u00a0\u00a0<b>Verslo (corporate) kainynas:<\/b>\u00a0klientas, kurio metin\u0117 pinigini\u0173 operacij\u0173 apimtis vir\u0161ija 500 t\u016bkst. EUR \u2013 0,25 % arba 25 EUR (visada pasirenkama didesn\u0117 i\u0161 \u0161i\u0173 dviej\u0173 sum\u0173).<\/p>\n<p>B.\u00a0 \u00a0\u00a0<b>Ma\u017emeninis kainynas:<\/b>\u00a0klientas, kurio metin\u0117 pinigini\u0173 operacij\u0173 apimtis yra ma\u017eesn\u0117 nei 500 t\u016bkst. EUR \u2013 0,5 % arba 25 EUR (visada pasirenkama didesn\u0117 i\u0161 \u0161i\u0173 dviej\u0173 sum\u0173).<\/p>\n<p>\u00a0<\/p>\n<h3><b>Verslo \/ Ne pelno siekian\u010di\u0173 organizacij\u0173 s\u0105skaitos (savininkas i\u0161 JAV)<\/b><\/h3>\n<p>Yra 2 Verslo \/ Ne pelno siekian\u010di\u0173 organizacij\u0173 kain\u0173 grup\u0117s:<\/p>\n<p>A.\u00a0 \u00a0\u00a0<b>Verslo (corporate) kainynas:<\/b>\u00a0klientas, kurio metin\u0117 pinigini\u0173 operacij\u0173 apimtis vir\u0161ija 500 t\u016bkst. USD \u2013 0,25 % arba 30\u00a0USD (visada pasirenkama didesn\u0117 i\u0161 \u0161i\u0173 dviej\u0173 sum\u0173).<\/p>\n<p>B.\u00a0 \u00a0<b>Ma\u017emeninis kainynas:<\/b> klientas, kurio  pinigini\u0173 operacij\u0173 apimtis yra ma\u017eesn\u0117 nei 500 t\u016bkst. USD \u2013 0,5 % arba 30 USD\u00a0(visada pasirenkama didesn\u0117 i\u0161 \u0161i\u0173 dviej\u0173 sum\u0173).<\/p>\n<p>\u00a0<\/p>\n<h3><b>Verslo \/ Ne pelno siekian\u010di\u0173 organizacij\u0173 s\u0105skaitos (savininkas i\u0161 Izraelio)<\/b><\/h3>\n<p>Yra 2 Verslo \/ Ne pelno siekian\u010di\u0173 organizacij\u0173 kain\u0173 grup\u0117s:<\/p>\n<p>A.    Verslo (corporate) kainynas: klientas, kurio apskai\u010diuota metin\u0117 operacij\u0173 apimtis vir\u0161ija 400 t\u016bkst. USD \u2013 0,25%+ PVM arba 180 ILS+ PVM (210,60 ILS)  (visada pasirenkama didesn\u0117 i\u0161 \u0161i\u0173 dviej\u0173 sum\u0173)<\/p>\n<p>B.    Ma\u017emenis kainynas: klientas, kurio apskai\u010diuota metin\u0117 operacij\u0173 apimtis yra ma\u017eesn\u0117 nei 400 t\u016bkst. USD \u2013 0,5% arba 180 ILS, \u012fskaitant PVM (visada pasirenkama didesn\u0117 i\u0161 \u0161i\u0173 dviej\u0173 sum\u0173)<\/p>\n<p>Asmenin\u0117s s\u0105skaitos (tik JAV ir Izraelyje)<br \/>\nStandartinis (ma\u017emeninis) \u2013 0,5 % nuo mok\u0117jimo dyd\u017eio arba 25 EUR minimalus mok\u0117jimas.<\/p>\n<h3><b>Didel\u0117s vert\u0117s s\u0105skaitos \u2013 kainos su nuolaida<\/b><\/h3>\n<p>\u012esigalioja 2022 m. visoms reikalavimus atitinkan\u010dioms s\u0105skaitoms<\/p>\n<p>Didel\u0117s vert\u0117s s\u0105skaitos \u2013 s\u0105skaitos su Verslo (corporate) kainynu, kuri\u0173 mok\u0117jim\u0173 apimtis pra\u0117jusiais kalendoriniais metais vir\u0161ijo 6 mln. JAV doleri\u0173.  Nuolaidos dydis yra 0,06 % nuo reikalavimus atitinkan\u010di\u0173 pinigini\u0173 operacij\u0173 apimties.  Nuolaida bus suteikiama kaip metin\u0117 nuolaida nuolaidos dyd\u017eio mokes\u010dio kupono forma (toliau \u2013 nuolaida), \u012fskaitoma \u012f atitinkam\u0105 s\u0105skait\u0105 (klientas gali nurodyti, kuriai s\u0105skaitai bus taikomas, jei turi j\u0173 daugiau nei vien\u0105).<\/p>\n","protected":false},"excerpt":{"rendered":"<p>Verslo \/ Ne pelno siekian\u010di\u0173 organizacij\u0173 s\u0105skaitos (savininkas i\u0161 EEA \u0161ali\u0173) Yra 2 Verslo \/ Ne pelno siekian\u010di\u0173 organizacij\u0173 kain\u0173 grup\u0117s: A.\u00a0 \u00a0\u00a0Verslo (corporate) kainynas:\u00a0klientas, kurio metin\u0117 pinigini\u0173 operacij\u0173 apimtis vir\u0161ija 500 t\u016bkst. EUR \u2013 0,25 % arba 25 EUR (visada pasirenkama didesn\u0117 i\u0161 \u0161i\u0173 dviej\u0173 sum\u0173). B.\u00a0 \u00a0\u00a0Ma\u017emeninis kainynas:\u00a0klientas, kurio metin\u0117 pinigini\u0173 operacij\u0173 apimtis [&hellip;]<\/p>\n","protected":false},"author":1,"featured_media":0,"parent":0,"menu_order":0,"comment_status":"closed","ping_status":"closed","template":"pages\/page-structure.php","meta":{"_acf_changed":false,"footnotes":""},"class_list":["post-3797","page","type-page","status-publish","hentry"],"acf":[],"yoast_head":"<!-- This site is optimized with the Yoast SEO plugin v27.2 - https:\/\/yoast.com\/product\/yoast-seo-wordpress\/ -->\n<title>\u201eCLEARSHIFT\u201c MOKES\u010cIO STRUKT\u016aRA - Clearshift<\/title>\n<meta name=\"robots\" content=\"index, follow, max-snippet:-1, max-image-preview:large, max-video-preview:-1\" \/>\n<link rel=\"canonical\" href=\"https:\/\/clearshiftinc.com\/clearshift-fee-structure\/\" \/>\n<meta property=\"og:locale\" content=\"lt_LT\" \/>\n<meta property=\"og:type\" content=\"article\" \/>\n<meta property=\"og:title\" content=\"\u201eCLEARSHIFT\u201c MOKES\u010cIO STRUKT\u016aRA - Clearshift\" \/>\n<meta property=\"og:description\" content=\"Verslo \/ Ne pelno siekian\u010di\u0173 organizacij\u0173 s\u0105skaitos (savininkas i\u0161 EEA \u0161ali\u0173) Yra 2 Verslo \/ Ne pelno siekian\u010di\u0173 organizacij\u0173 kain\u0173 grup\u0117s: A.\u00a0 \u00a0\u00a0Verslo (corporate) kainynas:\u00a0klientas, kurio metin\u0117 pinigini\u0173 operacij\u0173 apimtis vir\u0161ija 500 t\u016bkst. EUR \u2013 0,25 % arba 25 EUR (visada pasirenkama didesn\u0117 i\u0161 \u0161i\u0173 dviej\u0173 sum\u0173). B.\u00a0 \u00a0\u00a0Ma\u017emeninis kainynas:\u00a0klientas, kurio metin\u0117 pinigini\u0173 operacij\u0173 apimtis [&hellip;]\" \/>\n<meta property=\"og:url\" content=\"https:\/\/clearshiftinc.com\/clearshift-fee-structure\/\" \/>\n<meta property=\"og:site_name\" content=\"Clearshift\" \/>\n<meta name=\"twitter:card\" content=\"summary_large_image\" \/>\n<meta name=\"twitter:label1\" content=\"Est. reading time\" \/>\n\t<meta name=\"twitter:data1\" content=\"2 minut\u0117s\" \/>\n<script type=\"application\/ld+json\" class=\"yoast-schema-graph\">{\"@context\":\"https:\/\/schema.org\",\"@graph\":[{\"@type\":\"WebPage\",\"@id\":\"https:\/\/clearshiftinc.com\/clearshift-fee-structure\/\",\"url\":\"https:\/\/clearshiftinc.com\/clearshift-fee-structure\/\",\"name\":\"\u201eCLEARSHIFT\u201c MOKES\u010cIO STRUKT\u016aRA - Clearshift\",\"isPartOf\":{\"@id\":\"https:\/\/clearshiftinc.com\/#website\"},\"datePublished\":\"2025-01-06T14:45:34+00:00\",\"breadcrumb\":{\"@id\":\"https:\/\/clearshiftinc.com\/clearshift-fee-structure\/#breadcrumb\"},\"inLanguage\":\"lt-LT\",\"potentialAction\":[{\"@type\":\"ReadAction\",\"target\":[\"https:\/\/clearshiftinc.com\/clearshift-fee-structure\/\"]}]},{\"@type\":\"BreadcrumbList\",\"@id\":\"https:\/\/clearshiftinc.com\/clearshift-fee-structure\/#breadcrumb\",\"itemListElement\":[{\"@type\":\"ListItem\",\"position\":1,\"name\":\"Home\",\"item\":\"https:\/\/clearshiftinc.com\/lt\/\"},{\"@type\":\"ListItem\",\"position\":2,\"name\":\"\u201eCLEARSHIFT\u201c MOKES\u010cIO STRUKT\u016aRA\"}]},{\"@type\":\"WebSite\",\"@id\":\"https:\/\/clearshiftinc.com\/#website\",\"url\":\"https:\/\/clearshiftinc.com\/\",\"name\":\"Clearshift\",\"description\":\"\",\"potentialAction\":[{\"@type\":\"SearchAction\",\"target\":{\"@type\":\"EntryPoint\",\"urlTemplate\":\"https:\/\/clearshiftinc.com\/?s={search_term_string}\"},\"query-input\":{\"@type\":\"PropertyValueSpecification\",\"valueRequired\":true,\"valueName\":\"search_term_string\"}}],\"inLanguage\":\"lt-LT\"}]}<\/script>\n<!-- \/ Yoast SEO plugin. -->","yoast_head_json":{"title":"\u201eCLEARSHIFT\u201c MOKES\u010cIO STRUKT\u016aRA - Clearshift","robots":{"index":"index","follow":"follow","max-snippet":"max-snippet:-1","max-image-preview":"max-image-preview:large","max-video-preview":"max-video-preview:-1"},"canonical":"https:\/\/clearshiftinc.com\/clearshift-fee-structure\/","og_locale":"lt_LT","og_type":"article","og_title":"\u201eCLEARSHIFT\u201c MOKES\u010cIO STRUKT\u016aRA - Clearshift","og_description":"Verslo \/ Ne pelno siekian\u010di\u0173 organizacij\u0173 s\u0105skaitos (savininkas i\u0161 EEA \u0161ali\u0173) Yra 2 Verslo \/ Ne pelno siekian\u010di\u0173 organizacij\u0173 kain\u0173 grup\u0117s: A.\u00a0 \u00a0\u00a0Verslo (corporate) kainynas:\u00a0klientas, kurio metin\u0117 pinigini\u0173 operacij\u0173 apimtis vir\u0161ija 500 t\u016bkst. EUR \u2013 0,25 % arba 25 EUR (visada pasirenkama didesn\u0117 i\u0161 \u0161i\u0173 dviej\u0173 sum\u0173). B.\u00a0 \u00a0\u00a0Ma\u017emeninis kainynas:\u00a0klientas, kurio metin\u0117 pinigini\u0173 operacij\u0173 apimtis [&hellip;]","og_url":"https:\/\/clearshiftinc.com\/clearshift-fee-structure\/","og_site_name":"Clearshift","twitter_card":"summary_large_image","twitter_misc":{"Est. reading time":"2 minut\u0117s"},"schema":{"@context":"https:\/\/schema.org","@graph":[{"@type":"WebPage","@id":"https:\/\/clearshiftinc.com\/clearshift-fee-structure\/","url":"https:\/\/clearshiftinc.com\/clearshift-fee-structure\/","name":"\u201eCLEARSHIFT\u201c MOKES\u010cIO STRUKT\u016aRA - Clearshift","isPartOf":{"@id":"https:\/\/clearshiftinc.com\/#website"},"datePublished":"2025-01-06T14:45:34+00:00","breadcrumb":{"@id":"https:\/\/clearshiftinc.com\/clearshift-fee-structure\/#breadcrumb"},"inLanguage":"lt-LT","potentialAction":[{"@type":"ReadAction","target":["https:\/\/clearshiftinc.com\/clearshift-fee-structure\/"]}]},{"@type":"BreadcrumbList","@id":"https:\/\/clearshiftinc.com\/clearshift-fee-structure\/#breadcrumb","itemListElement":[{"@type":"ListItem","position":1,"name":"Home","item":"https:\/\/clearshiftinc.com\/lt\/"},{"@type":"ListItem","position":2,"name":"\u201eCLEARSHIFT\u201c MOKES\u010cIO STRUKT\u016aRA"}]},{"@type":"WebSite","@id":"https:\/\/clearshiftinc.com\/#website","url":"https:\/\/clearshiftinc.com\/","name":"Clearshift","description":"","potentialAction":[{"@type":"SearchAction","target":{"@type":"EntryPoint","urlTemplate":"https:\/\/clearshiftinc.com\/?s={search_term_string}"},"query-input":{"@type":"PropertyValueSpecification","valueRequired":true,"valueName":"search_term_string"}}],"inLanguage":"lt-LT"}]}},"_links":{"self":[{"href":"https:\/\/clearshiftinc.com\/lt\/wp-json\/wp\/v2\/pages\/3797","targetHints":{"allow":["GET"]}}],"collection":[{"href":"https:\/\/clearshiftinc.com\/lt\/wp-json\/wp\/v2\/pages"}],"about":[{"href":"https:\/\/clearshiftinc.com\/lt\/wp-json\/wp\/v2\/types\/page"}],"author":[{"embeddable":true,"href":"https:\/\/clearshiftinc.com\/lt\/wp-json\/wp\/v2\/users\/1"}],"replies":[{"embeddable":true,"href":"https:\/\/clearshiftinc.com\/lt\/wp-json\/wp\/v2\/comments?post=3797"}],"version-history":[{"count":0,"href":"https:\/\/clearshiftinc.com\/lt\/wp-json\/wp\/v2\/pages\/3797\/revisions"}],"wp:attachment":[{"href":"https:\/\/clearshiftinc.com\/lt\/wp-json\/wp\/v2\/media?parent=3797"}],"curies":[{"name":"wp","href":"https:\/\/api.w.org\/{rel}","templated":true}]}}