{"id":3795,"date":"2025-01-06T14:42:10","date_gmt":"2025-01-06T14:42:10","guid":{"rendered":"https:\/\/www.clearshiftinc.com\/musu-vizija-tarptautiniai-mokejimai\/"},"modified":"2025-02-18T09:49:19","modified_gmt":"2025-02-18T09:49:19","slug":"musu-vizija-tarptautiniai-mokejimai","status":"publish","type":"page","link":"https:\/\/clearshiftinc.com\/lt\/musu-vizija-tarptautiniai-mokejimai\/","title":{"rendered":"M\u016bs\u0173 vizija \u2013 tarptautiniai mok\u0117jimai"},"content":{"rendered":"<p>Tikime, kad suteikiame savo klientams daugiau gali\u0173 ir leid\u017eiame jiems susigr\u0105\u017einti savo finans\u0173 kontrol\u0119. \u0160iandienos standartas \u2013 pasl\u0117pti mokes\u010diai. Mes metame i\u0161\u0161\u016bk\u012f \u0161iam status quo. Tikim\u0117s, kad \u0161is gestas, kuriuo siekiame geresnio finans\u0173 pasaulio, tur\u0117s \u012ftakos ir kitiems ekonomikos sektoriams.<\/p>\n<p><strong>\u201eClearshift\u201c yra akivaizd\u017eiai geriau<\/strong><br \/>\n\u201eClearshift\u201c tobulina tarptautinius mok\u0117jimus, taikydami naujovi\u0161k\u0105 kainodaros model\u012f ir skaidr\u0173 proces\u0105, kuris sukelia revoliucij\u0105 mok\u0117jim\u0173 u\u017esienio valiuta rinkoje. Laikydamasi s\u0105\u017einingos kainodaros standart\u0173, \u201eClearshift\u201c panaikina antkainius, pasl\u0117ptas i\u0161laidas ir nenumatytus komisinius, kad sutaupytum\u0117te pinig\u0173 ir kartu u\u017etikrintum\u0117te saugias ir greitas pasaulini\u0173 valiut\u0173 operacijas.<\/p>\n<p>&nbsp;<\/p>\n<p><em><strong>Sprendimai:<\/strong> <a href=\"https:\/\/www.clearshiftinc.com\/eu-en\/solutions\/educational-institutions\/\">\u0160vietimo ir Mokslo \u012fstaigos<\/a>,\u00a0<a href=\"https:\/\/www.clearshiftinc.com\/eu-en\/solutions\/service-providers\/\">Paslaug\u0173 teik\u0117jai<\/a>, <a href=\"https:\/\/www.clearshiftinc.com\/eu-en\/solutions\/start-ups\/\">Verslo startuoliai<\/a>, <a href=\"https:\/\/www.clearshiftinc.com\/eu-en\/solutions\/non-profits\/\">Ne pelno siekian\u010dios organizacijos<\/a>, <a href=\"https:\/\/www.clearshiftinc.com\/eu-en\/solutions\/e-commerce\/\">Elektronin\u0117 prekyba<\/a>, <a href=\"https:\/\/www.clearshiftinc.com\/eu-en\/solutions\/importers-exporters\/\">Importuotojai \/ Eksportuotojai<\/a>, <a href=\"https:\/\/www.clearshiftinc.com\/eu-en\/solutions\/real-estate\/\">Nekilnojamasis turtas<\/a>.<\/em><\/p>\n","protected":false},"excerpt":{"rendered":"<p>Tikime, kad suteikiame savo klientams daugiau gali\u0173 ir leid\u017eiame jiems susigr\u0105\u017einti savo finans\u0173 kontrol\u0119. \u0160iandienos standartas \u2013 pasl\u0117pti mokes\u010diai. Mes metame i\u0161\u0161\u016bk\u012f \u0161iam status quo. Tikim\u0117s, kad \u0161is gestas, kuriuo siekiame geresnio finans\u0173 pasaulio, tur\u0117s \u012ftakos ir kitiems ekonomikos sektoriams. \u201eClearshift\u201c yra akivaizd\u017eiai geriau \u201eClearshift\u201c tobulina tarptautinius mok\u0117jimus, taikydami naujovi\u0161k\u0105 kainodaros model\u012f ir skaidr\u0173 proces\u0105, [&hellip;]<\/p>\n","protected":false},"author":1,"featured_media":0,"parent":0,"menu_order":0,"comment_status":"closed","ping_status":"closed","template":"pages\/page-our-vision.php","meta":{"_acf_changed":false,"footnotes":""},"class_list":["post-3795","page","type-page","status-publish","hentry"],"acf":[],"yoast_head":"<!-- This site is optimized with the Yoast SEO plugin v27.2 - https:\/\/yoast.com\/product\/yoast-seo-wordpress\/ -->\n<title>M\u016bs\u0173 vizija | Tarptautiniai mok\u0117jimai | \u201eClearshift\u201c<\/title>\n<meta name=\"description\" content=\"M\u016bs\u0173 vizija: geresnis finans\u0173 pasaulis be pasl\u0117pt\u0173 mokes\u010di\u0173. Mes suteikiame jums galimyb\u0119 susigr\u0105\u017einti savo finans\u0173 kontrol\u0119. Prisijunkite prie m\u016bs\u0173 ir pertvarkykite finansus.\" \/>\n<meta name=\"robots\" content=\"index, follow, max-snippet:-1, max-image-preview:large, max-video-preview:-1\" \/>\n<link rel=\"canonical\" href=\"https:\/\/clearshiftinc.com\/our-vision\/\" \/>\n<meta property=\"og:locale\" content=\"lt_LT\" \/>\n<meta property=\"og:type\" content=\"article\" \/>\n<meta property=\"og:title\" content=\"M\u016bs\u0173 vizija | Tarptautiniai mok\u0117jimai | \u201eClearshift\u201c\" \/>\n<meta property=\"og:description\" content=\"M\u016bs\u0173 vizija: geresnis finans\u0173 pasaulis be pasl\u0117pt\u0173 mokes\u010di\u0173. Mes suteikiame jums galimyb\u0119 susigr\u0105\u017einti savo finans\u0173 kontrol\u0119. Prisijunkite prie m\u016bs\u0173 ir pertvarkykite finansus.\" \/>\n<meta property=\"og:url\" content=\"https:\/\/clearshiftinc.com\/our-vision\/\" \/>\n<meta property=\"og:site_name\" content=\"Clearshift\" \/>\n<meta property=\"article:modified_time\" content=\"2025-02-18T09:49:19+00:00\" \/>\n<meta name=\"twitter:card\" content=\"summary_large_image\" \/>\n<meta name=\"twitter:label1\" content=\"Est. reading time\" \/>\n\t<meta name=\"twitter:data1\" content=\"1 minut\u0117\" \/>\n<script type=\"application\/ld+json\" class=\"yoast-schema-graph\">{\"@context\":\"https:\/\/schema.org\",\"@graph\":[{\"@type\":\"WebPage\",\"@id\":\"https:\/\/clearshiftinc.com\/our-vision\/\",\"url\":\"https:\/\/clearshiftinc.com\/our-vision\/\",\"name\":\"M\u016bs\u0173 vizija | Tarptautiniai mok\u0117jimai | \u201eClearshift\u201c\",\"isPartOf\":{\"@id\":\"https:\/\/clearshiftinc.com\/#website\"},\"datePublished\":\"2025-01-06T14:42:10+00:00\",\"dateModified\":\"2025-02-18T09:49:19+00:00\",\"description\":\"M\u016bs\u0173 vizija: geresnis finans\u0173 pasaulis be pasl\u0117pt\u0173 mokes\u010di\u0173. Mes suteikiame jums galimyb\u0119 susigr\u0105\u017einti savo finans\u0173 kontrol\u0119. Prisijunkite prie m\u016bs\u0173 ir pertvarkykite finansus.\",\"breadcrumb\":{\"@id\":\"https:\/\/clearshiftinc.com\/our-vision\/#breadcrumb\"},\"inLanguage\":\"lt-LT\",\"potentialAction\":[{\"@type\":\"ReadAction\",\"target\":[\"https:\/\/clearshiftinc.com\/our-vision\/\"]}]},{\"@type\":\"BreadcrumbList\",\"@id\":\"https:\/\/clearshiftinc.com\/our-vision\/#breadcrumb\",\"itemListElement\":[{\"@type\":\"ListItem\",\"position\":1,\"name\":\"Home\",\"item\":\"https:\/\/clearshiftinc.com\/lt\/\"},{\"@type\":\"ListItem\",\"position\":2,\"name\":\"M\u016bs\u0173 vizija \u2013 tarptautiniai mok\u0117jimai\"}]},{\"@type\":\"WebSite\",\"@id\":\"https:\/\/clearshiftinc.com\/#website\",\"url\":\"https:\/\/clearshiftinc.com\/\",\"name\":\"Clearshift\",\"description\":\"\",\"potentialAction\":[{\"@type\":\"SearchAction\",\"target\":{\"@type\":\"EntryPoint\",\"urlTemplate\":\"https:\/\/clearshiftinc.com\/?s={search_term_string}\"},\"query-input\":{\"@type\":\"PropertyValueSpecification\",\"valueRequired\":true,\"valueName\":\"search_term_string\"}}],\"inLanguage\":\"lt-LT\"}]}<\/script>\n<!-- \/ Yoast SEO plugin. -->","yoast_head_json":{"title":"M\u016bs\u0173 vizija | Tarptautiniai mok\u0117jimai | \u201eClearshift\u201c","description":"M\u016bs\u0173 vizija: geresnis finans\u0173 pasaulis be pasl\u0117pt\u0173 mokes\u010di\u0173. Mes suteikiame jums galimyb\u0119 susigr\u0105\u017einti savo finans\u0173 kontrol\u0119. Prisijunkite prie m\u016bs\u0173 ir pertvarkykite finansus.","robots":{"index":"index","follow":"follow","max-snippet":"max-snippet:-1","max-image-preview":"max-image-preview:large","max-video-preview":"max-video-preview:-1"},"canonical":"https:\/\/clearshiftinc.com\/our-vision\/","og_locale":"lt_LT","og_type":"article","og_title":"M\u016bs\u0173 vizija | Tarptautiniai mok\u0117jimai | \u201eClearshift\u201c","og_description":"M\u016bs\u0173 vizija: geresnis finans\u0173 pasaulis be pasl\u0117pt\u0173 mokes\u010di\u0173. Mes suteikiame jums galimyb\u0119 susigr\u0105\u017einti savo finans\u0173 kontrol\u0119. Prisijunkite prie m\u016bs\u0173 ir pertvarkykite finansus.","og_url":"https:\/\/clearshiftinc.com\/our-vision\/","og_site_name":"Clearshift","article_modified_time":"2025-02-18T09:49:19+00:00","twitter_card":"summary_large_image","twitter_misc":{"Est. reading time":"1 minut\u0117"},"schema":{"@context":"https:\/\/schema.org","@graph":[{"@type":"WebPage","@id":"https:\/\/clearshiftinc.com\/our-vision\/","url":"https:\/\/clearshiftinc.com\/our-vision\/","name":"M\u016bs\u0173 vizija | Tarptautiniai mok\u0117jimai | \u201eClearshift\u201c","isPartOf":{"@id":"https:\/\/clearshiftinc.com\/#website"},"datePublished":"2025-01-06T14:42:10+00:00","dateModified":"2025-02-18T09:49:19+00:00","description":"M\u016bs\u0173 vizija: geresnis finans\u0173 pasaulis be pasl\u0117pt\u0173 mokes\u010di\u0173. Mes suteikiame jums galimyb\u0119 susigr\u0105\u017einti savo finans\u0173 kontrol\u0119. Prisijunkite prie m\u016bs\u0173 ir pertvarkykite finansus.","breadcrumb":{"@id":"https:\/\/clearshiftinc.com\/our-vision\/#breadcrumb"},"inLanguage":"lt-LT","potentialAction":[{"@type":"ReadAction","target":["https:\/\/clearshiftinc.com\/our-vision\/"]}]},{"@type":"BreadcrumbList","@id":"https:\/\/clearshiftinc.com\/our-vision\/#breadcrumb","itemListElement":[{"@type":"ListItem","position":1,"name":"Home","item":"https:\/\/clearshiftinc.com\/lt\/"},{"@type":"ListItem","position":2,"name":"M\u016bs\u0173 vizija \u2013 tarptautiniai mok\u0117jimai"}]},{"@type":"WebSite","@id":"https:\/\/clearshiftinc.com\/#website","url":"https:\/\/clearshiftinc.com\/","name":"Clearshift","description":"","potentialAction":[{"@type":"SearchAction","target":{"@type":"EntryPoint","urlTemplate":"https:\/\/clearshiftinc.com\/?s={search_term_string}"},"query-input":{"@type":"PropertyValueSpecification","valueRequired":true,"valueName":"search_term_string"}}],"inLanguage":"lt-LT"}]}},"_links":{"self":[{"href":"https:\/\/clearshiftinc.com\/lt\/wp-json\/wp\/v2\/pages\/3795","targetHints":{"allow":["GET"]}}],"collection":[{"href":"https:\/\/clearshiftinc.com\/lt\/wp-json\/wp\/v2\/pages"}],"about":[{"href":"https:\/\/clearshiftinc.com\/lt\/wp-json\/wp\/v2\/types\/page"}],"author":[{"embeddable":true,"href":"https:\/\/clearshiftinc.com\/lt\/wp-json\/wp\/v2\/users\/1"}],"replies":[{"embeddable":true,"href":"https:\/\/clearshiftinc.com\/lt\/wp-json\/wp\/v2\/comments?post=3795"}],"version-history":[{"count":2,"href":"https:\/\/clearshiftinc.com\/lt\/wp-json\/wp\/v2\/pages\/3795\/revisions"}],"predecessor-version":[{"id":3847,"href":"https:\/\/clearshiftinc.com\/lt\/wp-json\/wp\/v2\/pages\/3795\/revisions\/3847"}],"wp:attachment":[{"href":"https:\/\/clearshiftinc.com\/lt\/wp-json\/wp\/v2\/media?parent=3795"}],"curies":[{"name":"wp","href":"https:\/\/api.w.org\/{rel}","templated":true}]}}