{"id":3773,"date":"2025-01-06T14:26:02","date_gmt":"2025-01-06T14:26:02","guid":{"rendered":"https:\/\/www.clearshiftinc.com\/bendrosios-salygos\/"},"modified":"2025-07-14T09:12:13","modified_gmt":"2025-07-14T09:12:13","slug":"bendrosios-salygos","status":"publish","type":"page","link":"https:\/\/clearshiftinc.com\/lt\/bendrosios-salygos\/","title":{"rendered":"Bendrosios s\u0105lygos"},"content":{"rendered":"<h1>Bendrosios s\u0105lygos<\/h1>\n<div>\n<p>In effect as of June 8th, 2025<\/p>\n<p><a href=\"https:\/\/www.clearshiftinc.com\/wp-content\/uploads\/2025\/06\/US-EU-TC-June-2025.pdf\" target=\"_blank\" rel=\"noopener\">Terms &amp; Conditions<\/a><\/p>\n<p>\u012esigaliojo 2024 m. vasario 21 d.<\/p>\n<p><strong>Kas naujo?<\/strong><\/p>\n<p>M\u016bs\u0173 naujausi pakeitimai u\u017etikrina suderinim\u0105 su galiojan\u010diais \u012fstatymais ir \u012ftvirtina naujausius m\u016bs\u0173 politik\u0173 ir proced\u016br\u0173 pakeitimus. J\u016bs\u0173 patogumui, pridedame Bendr\u0173j\u0173 s\u0105lyg\u0173 santrauk\u0105.<\/p>\n<p><a href=\"https:\/\/www.clearshiftinc.com\/wp-content\/uploads\/2023\/12\/\u05ea\u05e0\u05d0\u05d9-\u05d7\u05e9\u05d1\u05d5\u05df-terms-and-conditions.pdf\">Bendrosios s\u0105lygos<\/a><\/p>\n<\/div>\n<div>Paskutinis atnaujinimas: 2022 m. kovo 8 d.<\/div>\n<p><a href=\"https:\/\/www.clearshiftinc.com\/wp-content\/uploads\/2023\/12\/tc-Israel-and-US.pdf\">Bendrosios s\u0105lygos<\/a><\/p>\n<p>Voucher Terms &amp; Conditions<\/p>\n<p><a href=\"https:\/\/www.clearshiftinc.com\/wp-content\/uploads\/2025\/07\/Voucher-Terms-June-2025.pdf\">Voucher Terms June 2025<\/a><\/p>\n","protected":false},"excerpt":{"rendered":"<p>Bendrosios s\u0105lygos In effect as of June 8th, 2025 Terms &amp; Conditions \u012esigaliojo 2024 m. vasario 21 d. Kas naujo? M\u016bs\u0173 naujausi pakeitimai u\u017etikrina suderinim\u0105 su galiojan\u010diais \u012fstatymais ir \u012ftvirtina naujausius m\u016bs\u0173 politik\u0173 ir proced\u016br\u0173 pakeitimus. J\u016bs\u0173 patogumui, pridedame Bendr\u0173j\u0173 s\u0105lyg\u0173 santrauk\u0105. Bendrosios s\u0105lygos Paskutinis atnaujinimas: 2022 m. kovo 8 d. Bendrosios s\u0105lygos Voucher Terms [&hellip;]<\/p>\n","protected":false},"author":1,"featured_media":0,"parent":0,"menu_order":0,"comment_status":"closed","ping_status":"closed","template":"pages\/page-basic.php","meta":{"_acf_changed":false,"footnotes":""},"class_list":["post-3773","page","type-page","status-publish","hentry"],"acf":[],"yoast_head":"<!-- This site is optimized with the Yoast SEO plugin v27.2 - https:\/\/yoast.com\/product\/yoast-seo-wordpress\/ -->\n<title>Bendrosios s\u0105lygos - Clearshift<\/title>\n<meta name=\"robots\" content=\"index, follow, max-snippet:-1, max-image-preview:large, max-video-preview:-1\" \/>\n<link rel=\"canonical\" href=\"https:\/\/clearshiftinc.com\/terms-conditions\/\" \/>\n<meta property=\"og:locale\" content=\"lt_LT\" \/>\n<meta property=\"og:type\" content=\"article\" \/>\n<meta property=\"og:title\" content=\"Bendrosios s\u0105lygos - Clearshift\" \/>\n<meta property=\"og:description\" content=\"Bendrosios s\u0105lygos In effect as of June 8th, 2025 Terms &amp; Conditions \u012esigaliojo 2024 m. vasario 21 d. Kas naujo? M\u016bs\u0173 naujausi pakeitimai u\u017etikrina suderinim\u0105 su galiojan\u010diais \u012fstatymais ir \u012ftvirtina naujausius m\u016bs\u0173 politik\u0173 ir proced\u016br\u0173 pakeitimus. J\u016bs\u0173 patogumui, pridedame Bendr\u0173j\u0173 s\u0105lyg\u0173 santrauk\u0105. Bendrosios s\u0105lygos Paskutinis atnaujinimas: 2022 m. kovo 8 d. Bendrosios s\u0105lygos Voucher Terms [&hellip;]\" \/>\n<meta property=\"og:url\" content=\"https:\/\/clearshiftinc.com\/terms-conditions\/\" \/>\n<meta property=\"og:site_name\" content=\"Clearshift\" \/>\n<meta property=\"article:modified_time\" content=\"2025-07-14T09:12:13+00:00\" \/>\n<meta name=\"twitter:card\" content=\"summary_large_image\" \/>\n<script type=\"application\/ld+json\" class=\"yoast-schema-graph\">{\"@context\":\"https:\/\/schema.org\",\"@graph\":[{\"@type\":\"WebPage\",\"@id\":\"https:\/\/clearshiftinc.com\/terms-conditions\/\",\"url\":\"https:\/\/clearshiftinc.com\/terms-conditions\/\",\"name\":\"Bendrosios s\u0105lygos - Clearshift\",\"isPartOf\":{\"@id\":\"https:\/\/clearshiftinc.com\/#website\"},\"datePublished\":\"2025-01-06T14:26:02+00:00\",\"dateModified\":\"2025-07-14T09:12:13+00:00\",\"breadcrumb\":{\"@id\":\"https:\/\/clearshiftinc.com\/terms-conditions\/#breadcrumb\"},\"inLanguage\":\"lt-LT\",\"potentialAction\":[{\"@type\":\"ReadAction\",\"target\":[\"https:\/\/clearshiftinc.com\/terms-conditions\/\"]}]},{\"@type\":\"BreadcrumbList\",\"@id\":\"https:\/\/clearshiftinc.com\/terms-conditions\/#breadcrumb\",\"itemListElement\":[{\"@type\":\"ListItem\",\"position\":1,\"name\":\"Home\",\"item\":\"https:\/\/clearshiftinc.com\/lt\/\"},{\"@type\":\"ListItem\",\"position\":2,\"name\":\"Bendrosios s\u0105lygos\"}]},{\"@type\":\"WebSite\",\"@id\":\"https:\/\/clearshiftinc.com\/#website\",\"url\":\"https:\/\/clearshiftinc.com\/\",\"name\":\"Clearshift\",\"description\":\"\",\"potentialAction\":[{\"@type\":\"SearchAction\",\"target\":{\"@type\":\"EntryPoint\",\"urlTemplate\":\"https:\/\/clearshiftinc.com\/?s={search_term_string}\"},\"query-input\":{\"@type\":\"PropertyValueSpecification\",\"valueRequired\":true,\"valueName\":\"search_term_string\"}}],\"inLanguage\":\"lt-LT\"}]}<\/script>\n<!-- \/ Yoast SEO plugin. -->","yoast_head_json":{"title":"Bendrosios s\u0105lygos - Clearshift","robots":{"index":"index","follow":"follow","max-snippet":"max-snippet:-1","max-image-preview":"max-image-preview:large","max-video-preview":"max-video-preview:-1"},"canonical":"https:\/\/clearshiftinc.com\/terms-conditions\/","og_locale":"lt_LT","og_type":"article","og_title":"Bendrosios s\u0105lygos - Clearshift","og_description":"Bendrosios s\u0105lygos In effect as of June 8th, 2025 Terms &amp; Conditions \u012esigaliojo 2024 m. vasario 21 d. Kas naujo? M\u016bs\u0173 naujausi pakeitimai u\u017etikrina suderinim\u0105 su galiojan\u010diais \u012fstatymais ir \u012ftvirtina naujausius m\u016bs\u0173 politik\u0173 ir proced\u016br\u0173 pakeitimus. J\u016bs\u0173 patogumui, pridedame Bendr\u0173j\u0173 s\u0105lyg\u0173 santrauk\u0105. Bendrosios s\u0105lygos Paskutinis atnaujinimas: 2022 m. kovo 8 d. Bendrosios s\u0105lygos Voucher Terms [&hellip;]","og_url":"https:\/\/clearshiftinc.com\/terms-conditions\/","og_site_name":"Clearshift","article_modified_time":"2025-07-14T09:12:13+00:00","twitter_card":"summary_large_image","schema":{"@context":"https:\/\/schema.org","@graph":[{"@type":"WebPage","@id":"https:\/\/clearshiftinc.com\/terms-conditions\/","url":"https:\/\/clearshiftinc.com\/terms-conditions\/","name":"Bendrosios s\u0105lygos - Clearshift","isPartOf":{"@id":"https:\/\/clearshiftinc.com\/#website"},"datePublished":"2025-01-06T14:26:02+00:00","dateModified":"2025-07-14T09:12:13+00:00","breadcrumb":{"@id":"https:\/\/clearshiftinc.com\/terms-conditions\/#breadcrumb"},"inLanguage":"lt-LT","potentialAction":[{"@type":"ReadAction","target":["https:\/\/clearshiftinc.com\/terms-conditions\/"]}]},{"@type":"BreadcrumbList","@id":"https:\/\/clearshiftinc.com\/terms-conditions\/#breadcrumb","itemListElement":[{"@type":"ListItem","position":1,"name":"Home","item":"https:\/\/clearshiftinc.com\/lt\/"},{"@type":"ListItem","position":2,"name":"Bendrosios s\u0105lygos"}]},{"@type":"WebSite","@id":"https:\/\/clearshiftinc.com\/#website","url":"https:\/\/clearshiftinc.com\/","name":"Clearshift","description":"","potentialAction":[{"@type":"SearchAction","target":{"@type":"EntryPoint","urlTemplate":"https:\/\/clearshiftinc.com\/?s={search_term_string}"},"query-input":{"@type":"PropertyValueSpecification","valueRequired":true,"valueName":"search_term_string"}}],"inLanguage":"lt-LT"}]}},"_links":{"self":[{"href":"https:\/\/clearshiftinc.com\/lt\/wp-json\/wp\/v2\/pages\/3773","targetHints":{"allow":["GET"]}}],"collection":[{"href":"https:\/\/clearshiftinc.com\/lt\/wp-json\/wp\/v2\/pages"}],"about":[{"href":"https:\/\/clearshiftinc.com\/lt\/wp-json\/wp\/v2\/types\/page"}],"author":[{"embeddable":true,"href":"https:\/\/clearshiftinc.com\/lt\/wp-json\/wp\/v2\/users\/1"}],"replies":[{"embeddable":true,"href":"https:\/\/clearshiftinc.com\/lt\/wp-json\/wp\/v2\/comments?post=3773"}],"version-history":[{"count":3,"href":"https:\/\/clearshiftinc.com\/lt\/wp-json\/wp\/v2\/pages\/3773\/revisions"}],"predecessor-version":[{"id":4515,"href":"https:\/\/clearshiftinc.com\/lt\/wp-json\/wp\/v2\/pages\/3773\/revisions\/4515"}],"wp:attachment":[{"href":"https:\/\/clearshiftinc.com\/lt\/wp-json\/wp\/v2\/media?parent=3773"}],"curies":[{"name":"wp","href":"https:\/\/api.w.org\/{rel}","templated":true}]}}