{"id":3765,"date":"2025-01-05T14:39:58","date_gmt":"2025-01-05T14:39:58","guid":{"rendered":"https:\/\/www.clearshiftinc.com\/valiutos-kursas-musu-pranasumas\/"},"modified":"2026-01-07T10:46:29","modified_gmt":"2026-01-07T10:46:29","slug":"valiutos-kursas-musu-pranasumas","status":"publish","type":"page","link":"https:\/\/clearshiftinc.com\/lt\/valiutos-kursas-musu-pranasumas\/","title":{"rendered":"Valiutos kursas \u2013 m\u016bs\u0173 prana\u0161umas"},"content":{"rendered":"","protected":false},"excerpt":{"rendered":"","protected":false},"author":1,"featured_media":0,"parent":0,"menu_order":0,"comment_status":"closed","ping_status":"closed","template":"pages\/page-advantages.php","meta":{"_acf_changed":false,"footnotes":""},"class_list":["post-3765","page","type-page","status-publish","hentry"],"acf":[],"yoast_head":"<!-- This site is optimized with the Yoast SEO plugin v27.2 - https:\/\/yoast.com\/product\/yoast-seo-wordpress\/ -->\n<title>Valiutos kursas | \u201eClearshift\u201c<\/title>\n<meta name=\"description\" content=\"Verslo poreikiams pritaikyti valiut\u0173 kurs\u0173 sprendimai. Naudokit\u0117s skaidriomis valiutos keitimo paslaugomis be pasl\u0117pt\u0173 mokes\u010di\u0173. Pagerinkite savo finansines operacijas!\" \/>\n<meta name=\"robots\" content=\"index, follow, max-snippet:-1, max-image-preview:large, max-video-preview:-1\" \/>\n<link rel=\"canonical\" href=\"https:\/\/clearshiftinc.com\/advantages\/\" \/>\n<meta property=\"og:locale\" content=\"lt_LT\" \/>\n<meta property=\"og:type\" content=\"article\" \/>\n<meta property=\"og:title\" content=\"Valiutos kursas | \u201eClearshift\u201c\" \/>\n<meta property=\"og:description\" content=\"Verslo poreikiams pritaikyti valiut\u0173 kurs\u0173 sprendimai. Naudokit\u0117s skaidriomis valiutos keitimo paslaugomis be pasl\u0117pt\u0173 mokes\u010di\u0173. Pagerinkite savo finansines operacijas!\" \/>\n<meta property=\"og:url\" content=\"https:\/\/clearshiftinc.com\/advantages\/\" \/>\n<meta property=\"og:site_name\" content=\"Clearshift\" \/>\n<meta property=\"article:modified_time\" content=\"2026-01-07T10:46:29+00:00\" \/>\n<meta name=\"twitter:card\" content=\"summary_large_image\" \/>\n<script type=\"application\/ld+json\" class=\"yoast-schema-graph\">{\"@context\":\"https:\/\/schema.org\",\"@graph\":[{\"@type\":\"WebPage\",\"@id\":\"https:\/\/clearshiftinc.com\/advantages\/\",\"url\":\"https:\/\/clearshiftinc.com\/advantages\/\",\"name\":\"Valiutos kursas | \u201eClearshift\u201c\",\"isPartOf\":{\"@id\":\"https:\/\/clearshiftinc.com\/#website\"},\"datePublished\":\"2025-01-05T14:39:58+00:00\",\"dateModified\":\"2026-01-07T10:46:29+00:00\",\"description\":\"Verslo poreikiams pritaikyti valiut\u0173 kurs\u0173 sprendimai. Naudokit\u0117s skaidriomis valiutos keitimo paslaugomis be pasl\u0117pt\u0173 mokes\u010di\u0173. Pagerinkite savo finansines operacijas!\",\"breadcrumb\":{\"@id\":\"https:\/\/clearshiftinc.com\/advantages\/#breadcrumb\"},\"inLanguage\":\"lt-LT\",\"potentialAction\":[{\"@type\":\"ReadAction\",\"target\":[\"https:\/\/clearshiftinc.com\/advantages\/\"]}]},{\"@type\":\"BreadcrumbList\",\"@id\":\"https:\/\/clearshiftinc.com\/advantages\/#breadcrumb\",\"itemListElement\":[{\"@type\":\"ListItem\",\"position\":1,\"name\":\"Home\",\"item\":\"https:\/\/clearshiftinc.com\/lt\/\"},{\"@type\":\"ListItem\",\"position\":2,\"name\":\"Valiutos kursas \u2013 m\u016bs\u0173 prana\u0161umas\"}]},{\"@type\":\"WebSite\",\"@id\":\"https:\/\/clearshiftinc.com\/#website\",\"url\":\"https:\/\/clearshiftinc.com\/\",\"name\":\"Clearshift\",\"description\":\"\",\"potentialAction\":[{\"@type\":\"SearchAction\",\"target\":{\"@type\":\"EntryPoint\",\"urlTemplate\":\"https:\/\/clearshiftinc.com\/?s={search_term_string}\"},\"query-input\":{\"@type\":\"PropertyValueSpecification\",\"valueRequired\":true,\"valueName\":\"search_term_string\"}}],\"inLanguage\":\"lt-LT\"}]}<\/script>\n<!-- \/ Yoast SEO plugin. -->","yoast_head_json":{"title":"Valiutos kursas | \u201eClearshift\u201c","description":"Verslo poreikiams pritaikyti valiut\u0173 kurs\u0173 sprendimai. Naudokit\u0117s skaidriomis valiutos keitimo paslaugomis be pasl\u0117pt\u0173 mokes\u010di\u0173. Pagerinkite savo finansines operacijas!","robots":{"index":"index","follow":"follow","max-snippet":"max-snippet:-1","max-image-preview":"max-image-preview:large","max-video-preview":"max-video-preview:-1"},"canonical":"https:\/\/clearshiftinc.com\/advantages\/","og_locale":"lt_LT","og_type":"article","og_title":"Valiutos kursas | \u201eClearshift\u201c","og_description":"Verslo poreikiams pritaikyti valiut\u0173 kurs\u0173 sprendimai. Naudokit\u0117s skaidriomis valiutos keitimo paslaugomis be pasl\u0117pt\u0173 mokes\u010di\u0173. Pagerinkite savo finansines operacijas!","og_url":"https:\/\/clearshiftinc.com\/advantages\/","og_site_name":"Clearshift","article_modified_time":"2026-01-07T10:46:29+00:00","twitter_card":"summary_large_image","schema":{"@context":"https:\/\/schema.org","@graph":[{"@type":"WebPage","@id":"https:\/\/clearshiftinc.com\/advantages\/","url":"https:\/\/clearshiftinc.com\/advantages\/","name":"Valiutos kursas | \u201eClearshift\u201c","isPartOf":{"@id":"https:\/\/clearshiftinc.com\/#website"},"datePublished":"2025-01-05T14:39:58+00:00","dateModified":"2026-01-07T10:46:29+00:00","description":"Verslo poreikiams pritaikyti valiut\u0173 kurs\u0173 sprendimai. Naudokit\u0117s skaidriomis valiutos keitimo paslaugomis be pasl\u0117pt\u0173 mokes\u010di\u0173. Pagerinkite savo finansines operacijas!","breadcrumb":{"@id":"https:\/\/clearshiftinc.com\/advantages\/#breadcrumb"},"inLanguage":"lt-LT","potentialAction":[{"@type":"ReadAction","target":["https:\/\/clearshiftinc.com\/advantages\/"]}]},{"@type":"BreadcrumbList","@id":"https:\/\/clearshiftinc.com\/advantages\/#breadcrumb","itemListElement":[{"@type":"ListItem","position":1,"name":"Home","item":"https:\/\/clearshiftinc.com\/lt\/"},{"@type":"ListItem","position":2,"name":"Valiutos kursas \u2013 m\u016bs\u0173 prana\u0161umas"}]},{"@type":"WebSite","@id":"https:\/\/clearshiftinc.com\/#website","url":"https:\/\/clearshiftinc.com\/","name":"Clearshift","description":"","potentialAction":[{"@type":"SearchAction","target":{"@type":"EntryPoint","urlTemplate":"https:\/\/clearshiftinc.com\/?s={search_term_string}"},"query-input":{"@type":"PropertyValueSpecification","valueRequired":true,"valueName":"search_term_string"}}],"inLanguage":"lt-LT"}]}},"_links":{"self":[{"href":"https:\/\/clearshiftinc.com\/lt\/wp-json\/wp\/v2\/pages\/3765","targetHints":{"allow":["GET"]}}],"collection":[{"href":"https:\/\/clearshiftinc.com\/lt\/wp-json\/wp\/v2\/pages"}],"about":[{"href":"https:\/\/clearshiftinc.com\/lt\/wp-json\/wp\/v2\/types\/page"}],"author":[{"embeddable":true,"href":"https:\/\/clearshiftinc.com\/lt\/wp-json\/wp\/v2\/users\/1"}],"replies":[{"embeddable":true,"href":"https:\/\/clearshiftinc.com\/lt\/wp-json\/wp\/v2\/comments?post=3765"}],"version-history":[{"count":3,"href":"https:\/\/clearshiftinc.com\/lt\/wp-json\/wp\/v2\/pages\/3765\/revisions"}],"predecessor-version":[{"id":4589,"href":"https:\/\/clearshiftinc.com\/lt\/wp-json\/wp\/v2\/pages\/3765\/revisions\/4589"}],"wp:attachment":[{"href":"https:\/\/clearshiftinc.com\/lt\/wp-json\/wp\/v2\/media?parent=3765"}],"curies":[{"name":"wp","href":"https:\/\/api.w.org\/{rel}","templated":true}]}}