{"id":3760,"date":"2025-01-05T14:37:15","date_gmt":"2025-01-05T14:37:15","guid":{"rendered":"https:\/\/www.clearshiftinc.com\/saskaitos-sukurimas-pirmam-lesu-pavedimui\/"},"modified":"2026-01-07T10:48:29","modified_gmt":"2026-01-07T10:48:29","slug":"saskaitos-sukurimas-pirmam-lesu-pervedimui","status":"publish","type":"page","link":"https:\/\/clearshiftinc.com\/lt\/saskaitos-sukurimas-pirmam-lesu-pervedimui\/","title":{"rendered":"S\u0105skaitos suk\u016brimas pirmam l\u0117\u0161\u0173 pervedimui"},"content":{"rendered":"","protected":false},"excerpt":{"rendered":"","protected":false},"author":1,"featured_media":0,"parent":0,"menu_order":0,"comment_status":"closed","ping_status":"closed","template":"pages\/page-interested.php","meta":{"_acf_changed":false,"footnotes":""},"class_list":["post-3760","page","type-page","status-publish","hentry"],"acf":[],"yoast_head":"<!-- This site is optimized with the Yoast SEO plugin v27.2 - https:\/\/yoast.com\/product\/yoast-seo-wordpress\/ -->\n<title>S\u0105skaitos atidarymas pirmam l\u0117\u0161\u0173 pavedimui | \u201eClearshift\u201c<\/title>\n<meta name=\"description\" content=\"Atlikite pirm\u0105j\u012f l\u0117\u0161\u0173 pavedim\u0105. Prad\u0117kite u\u017etikrintai ir efektyviai valdyti tarptautinius pervedimus, vadovaudamiesi m\u016bs\u0173 paprastu prisijungimo vadovu\" \/>\n<meta name=\"robots\" content=\"index, follow, max-snippet:-1, max-image-preview:large, max-video-preview:-1\" \/>\n<link rel=\"canonical\" href=\"https:\/\/clearshiftinc.com\/im-interested-what-now\/\" \/>\n<meta property=\"og:locale\" content=\"lt_LT\" \/>\n<meta property=\"og:type\" content=\"article\" \/>\n<meta property=\"og:title\" content=\"S\u0105skaitos atidarymas pirmam l\u0117\u0161\u0173 pavedimui | \u201eClearshift\u201c\" \/>\n<meta property=\"og:description\" content=\"Atlikite pirm\u0105j\u012f l\u0117\u0161\u0173 pavedim\u0105. Prad\u0117kite u\u017etikrintai ir efektyviai valdyti tarptautinius pervedimus, vadovaudamiesi m\u016bs\u0173 paprastu prisijungimo vadovu\" \/>\n<meta property=\"og:url\" content=\"https:\/\/clearshiftinc.com\/im-interested-what-now\/\" \/>\n<meta property=\"og:site_name\" content=\"Clearshift\" \/>\n<meta property=\"article:modified_time\" content=\"2026-01-07T10:48:29+00:00\" \/>\n<meta name=\"twitter:card\" content=\"summary_large_image\" \/>\n<script type=\"application\/ld+json\" class=\"yoast-schema-graph\">{\"@context\":\"https:\/\/schema.org\",\"@graph\":[{\"@type\":\"WebPage\",\"@id\":\"https:\/\/clearshiftinc.com\/im-interested-what-now\/\",\"url\":\"https:\/\/clearshiftinc.com\/im-interested-what-now\/\",\"name\":\"S\u0105skaitos atidarymas pirmam l\u0117\u0161\u0173 pavedimui | \u201eClearshift\u201c\",\"isPartOf\":{\"@id\":\"https:\/\/clearshiftinc.com\/#website\"},\"datePublished\":\"2025-01-05T14:37:15+00:00\",\"dateModified\":\"2026-01-07T10:48:29+00:00\",\"description\":\"Atlikite pirm\u0105j\u012f l\u0117\u0161\u0173 pavedim\u0105. Prad\u0117kite u\u017etikrintai ir efektyviai valdyti tarptautinius pervedimus, vadovaudamiesi m\u016bs\u0173 paprastu prisijungimo vadovu\",\"breadcrumb\":{\"@id\":\"https:\/\/clearshiftinc.com\/im-interested-what-now\/#breadcrumb\"},\"inLanguage\":\"lt-LT\",\"potentialAction\":[{\"@type\":\"ReadAction\",\"target\":[\"https:\/\/clearshiftinc.com\/im-interested-what-now\/\"]}]},{\"@type\":\"BreadcrumbList\",\"@id\":\"https:\/\/clearshiftinc.com\/im-interested-what-now\/#breadcrumb\",\"itemListElement\":[{\"@type\":\"ListItem\",\"position\":1,\"name\":\"Home\",\"item\":\"https:\/\/clearshiftinc.com\/lt\/\"},{\"@type\":\"ListItem\",\"position\":2,\"name\":\"S\u0105skaitos suk\u016brimas pirmam l\u0117\u0161\u0173 pervedimui\"}]},{\"@type\":\"WebSite\",\"@id\":\"https:\/\/clearshiftinc.com\/#website\",\"url\":\"https:\/\/clearshiftinc.com\/\",\"name\":\"Clearshift\",\"description\":\"\",\"potentialAction\":[{\"@type\":\"SearchAction\",\"target\":{\"@type\":\"EntryPoint\",\"urlTemplate\":\"https:\/\/clearshiftinc.com\/?s={search_term_string}\"},\"query-input\":{\"@type\":\"PropertyValueSpecification\",\"valueRequired\":true,\"valueName\":\"search_term_string\"}}],\"inLanguage\":\"lt-LT\"}]}<\/script>\n<!-- \/ Yoast SEO plugin. -->","yoast_head_json":{"title":"S\u0105skaitos atidarymas pirmam l\u0117\u0161\u0173 pavedimui | \u201eClearshift\u201c","description":"Atlikite pirm\u0105j\u012f l\u0117\u0161\u0173 pavedim\u0105. Prad\u0117kite u\u017etikrintai ir efektyviai valdyti tarptautinius pervedimus, vadovaudamiesi m\u016bs\u0173 paprastu prisijungimo vadovu","robots":{"index":"index","follow":"follow","max-snippet":"max-snippet:-1","max-image-preview":"max-image-preview:large","max-video-preview":"max-video-preview:-1"},"canonical":"https:\/\/clearshiftinc.com\/im-interested-what-now\/","og_locale":"lt_LT","og_type":"article","og_title":"S\u0105skaitos atidarymas pirmam l\u0117\u0161\u0173 pavedimui | \u201eClearshift\u201c","og_description":"Atlikite pirm\u0105j\u012f l\u0117\u0161\u0173 pavedim\u0105. Prad\u0117kite u\u017etikrintai ir efektyviai valdyti tarptautinius pervedimus, vadovaudamiesi m\u016bs\u0173 paprastu prisijungimo vadovu","og_url":"https:\/\/clearshiftinc.com\/im-interested-what-now\/","og_site_name":"Clearshift","article_modified_time":"2026-01-07T10:48:29+00:00","twitter_card":"summary_large_image","schema":{"@context":"https:\/\/schema.org","@graph":[{"@type":"WebPage","@id":"https:\/\/clearshiftinc.com\/im-interested-what-now\/","url":"https:\/\/clearshiftinc.com\/im-interested-what-now\/","name":"S\u0105skaitos atidarymas pirmam l\u0117\u0161\u0173 pavedimui | \u201eClearshift\u201c","isPartOf":{"@id":"https:\/\/clearshiftinc.com\/#website"},"datePublished":"2025-01-05T14:37:15+00:00","dateModified":"2026-01-07T10:48:29+00:00","description":"Atlikite pirm\u0105j\u012f l\u0117\u0161\u0173 pavedim\u0105. Prad\u0117kite u\u017etikrintai ir efektyviai valdyti tarptautinius pervedimus, vadovaudamiesi m\u016bs\u0173 paprastu prisijungimo vadovu","breadcrumb":{"@id":"https:\/\/clearshiftinc.com\/im-interested-what-now\/#breadcrumb"},"inLanguage":"lt-LT","potentialAction":[{"@type":"ReadAction","target":["https:\/\/clearshiftinc.com\/im-interested-what-now\/"]}]},{"@type":"BreadcrumbList","@id":"https:\/\/clearshiftinc.com\/im-interested-what-now\/#breadcrumb","itemListElement":[{"@type":"ListItem","position":1,"name":"Home","item":"https:\/\/clearshiftinc.com\/lt\/"},{"@type":"ListItem","position":2,"name":"S\u0105skaitos suk\u016brimas pirmam l\u0117\u0161\u0173 pervedimui"}]},{"@type":"WebSite","@id":"https:\/\/clearshiftinc.com\/#website","url":"https:\/\/clearshiftinc.com\/","name":"Clearshift","description":"","potentialAction":[{"@type":"SearchAction","target":{"@type":"EntryPoint","urlTemplate":"https:\/\/clearshiftinc.com\/?s={search_term_string}"},"query-input":{"@type":"PropertyValueSpecification","valueRequired":true,"valueName":"search_term_string"}}],"inLanguage":"lt-LT"}]}},"_links":{"self":[{"href":"https:\/\/clearshiftinc.com\/lt\/wp-json\/wp\/v2\/pages\/3760","targetHints":{"allow":["GET"]}}],"collection":[{"href":"https:\/\/clearshiftinc.com\/lt\/wp-json\/wp\/v2\/pages"}],"about":[{"href":"https:\/\/clearshiftinc.com\/lt\/wp-json\/wp\/v2\/types\/page"}],"author":[{"embeddable":true,"href":"https:\/\/clearshiftinc.com\/lt\/wp-json\/wp\/v2\/users\/1"}],"replies":[{"embeddable":true,"href":"https:\/\/clearshiftinc.com\/lt\/wp-json\/wp\/v2\/comments?post=3760"}],"version-history":[{"count":3,"href":"https:\/\/clearshiftinc.com\/lt\/wp-json\/wp\/v2\/pages\/3760\/revisions"}],"predecessor-version":[{"id":4590,"href":"https:\/\/clearshiftinc.com\/lt\/wp-json\/wp\/v2\/pages\/3760\/revisions\/4590"}],"wp:attachment":[{"href":"https:\/\/clearshiftinc.com\/lt\/wp-json\/wp\/v2\/media?parent=3760"}],"curies":[{"name":"wp","href":"https:\/\/api.w.org\/{rel}","templated":true}]}}