{"id":1579,"date":"2020-01-29T07:37:19","date_gmt":"2020-01-29T07:37:19","guid":{"rendered":"https:\/\/www.clearshiftinc.com\/our-vision\/"},"modified":"2021-03-04T13:20:10","modified_gmt":"2021-03-04T13:20:10","slug":"our-vision","status":"publish","type":"page","link":"https:\/\/clearshiftinc.com\/fr-eu\/our-vision\/","title":{"rendered":"Notre Vision"},"content":{"rendered":"<p>Nous sommes convaincus qu\u2019il est important de permettre \u00e0 nos clients de reprendre le contr\u00f4le de leurs finances. La norme est \u00e0 l&#8217;opacit\u00e9 des co\u00fbts. Nous d\u00e9fions ce status quo. Dans cette dynamique vers un monde meilleur de la finance, nous esp\u00e9rons provoquer une r\u00e9action en cha\u00eene vers les autres industries.<\/p>\n<p><strong>Clearshift est Clairement Meilleur<\/strong><br \/>\nClearshift red\u00e9finit les paiements internationaux avec un mod\u00e8le de tarification innovant et un processus transparent qui r\u00e9volutionne le march\u00e9 des changes. Engag\u00e9 sur une norme de tarification \u00e9quitable, Clearshift supprime toutes les majorations sur vos taux de change, les frais cach\u00e9s et sur-commissions pour vous faire \u00e9conomiser de l\u2019argent tout en permettant des transactions de devises mondiales s\u00fbres et rapides.<\/p>\n","protected":false},"excerpt":{"rendered":"<p>Nous sommes convaincus qu\u2019il est important de permettre \u00e0 nos clients de reprendre le contr\u00f4le de leurs finances. La norme est \u00e0 l&#8217;opacit\u00e9 des co\u00fbts. Nous d\u00e9fions ce status quo. Dans cette dynamique vers un monde meilleur de la finance, nous esp\u00e9rons provoquer une r\u00e9action en cha\u00eene vers les autres industries. Clearshift est Clairement Meilleur [&hellip;]<\/p>\n","protected":false},"author":1,"featured_media":0,"parent":0,"menu_order":0,"comment_status":"closed","ping_status":"closed","template":"pages\/page-our-vision.php","meta":{"_acf_changed":false,"footnotes":""},"class_list":["post-1579","page","type-page","status-publish","hentry"],"acf":[],"yoast_head":"<!-- This site is optimized with the Yoast SEO plugin v27.2 - https:\/\/yoast.com\/product\/yoast-seo-wordpress\/ -->\n<title>Notre Vision - Clearshift<\/title>\n<meta name=\"robots\" content=\"index, follow, max-snippet:-1, max-image-preview:large, max-video-preview:-1\" \/>\n<link rel=\"canonical\" href=\"https:\/\/clearshiftinc.com\/our-vision\/\" \/>\n<meta property=\"og:locale\" content=\"fr_FR\" \/>\n<meta property=\"og:type\" content=\"article\" \/>\n<meta property=\"og:title\" content=\"Notre Vision - Clearshift\" \/>\n<meta property=\"og:description\" content=\"Nous sommes convaincus qu\u2019il est important de permettre \u00e0 nos clients de reprendre le contr\u00f4le de leurs finances. La norme est \u00e0 l&#8217;opacit\u00e9 des co\u00fbts. Nous d\u00e9fions ce status quo. Dans cette dynamique vers un monde meilleur de la finance, nous esp\u00e9rons provoquer une r\u00e9action en cha\u00eene vers les autres industries. Clearshift est Clairement Meilleur [&hellip;]\" \/>\n<meta property=\"og:url\" content=\"https:\/\/clearshiftinc.com\/our-vision\/\" \/>\n<meta property=\"og:site_name\" content=\"Clearshift\" \/>\n<meta property=\"article:modified_time\" content=\"2021-03-04T13:20:10+00:00\" \/>\n<meta name=\"twitter:card\" content=\"summary_large_image\" \/>\n<meta name=\"twitter:label1\" content=\"Est. reading time\" \/>\n\t<meta name=\"twitter:data1\" content=\"1 minute\" \/>\n<script type=\"application\/ld+json\" class=\"yoast-schema-graph\">{\"@context\":\"https:\/\/schema.org\",\"@graph\":[{\"@type\":\"WebPage\",\"@id\":\"https:\/\/clearshiftinc.com\/our-vision\/\",\"url\":\"https:\/\/clearshiftinc.com\/our-vision\/\",\"name\":\"Notre Vision - Clearshift\",\"isPartOf\":{\"@id\":\"https:\/\/clearshiftinc.com\/#website\"},\"datePublished\":\"2020-01-29T07:37:19+00:00\",\"dateModified\":\"2021-03-04T13:20:10+00:00\",\"breadcrumb\":{\"@id\":\"https:\/\/clearshiftinc.com\/our-vision\/#breadcrumb\"},\"inLanguage\":\"fr-EU\",\"potentialAction\":[{\"@type\":\"ReadAction\",\"target\":[\"https:\/\/clearshiftinc.com\/our-vision\/\"]}]},{\"@type\":\"BreadcrumbList\",\"@id\":\"https:\/\/clearshiftinc.com\/our-vision\/#breadcrumb\",\"itemListElement\":[{\"@type\":\"ListItem\",\"position\":1,\"name\":\"Page d&#039;accueil\",\"item\":\"https:\/\/clearshiftinc.com\/fr-eu\/\"},{\"@type\":\"ListItem\",\"position\":2,\"name\":\"Notre Vision\"}]},{\"@type\":\"WebSite\",\"@id\":\"https:\/\/clearshiftinc.com\/#website\",\"url\":\"https:\/\/clearshiftinc.com\/\",\"name\":\"Clearshift\",\"description\":\"\",\"potentialAction\":[{\"@type\":\"SearchAction\",\"target\":{\"@type\":\"EntryPoint\",\"urlTemplate\":\"https:\/\/clearshiftinc.com\/?s={search_term_string}\"},\"query-input\":{\"@type\":\"PropertyValueSpecification\",\"valueRequired\":true,\"valueName\":\"search_term_string\"}}],\"inLanguage\":\"fr-EU\"}]}<\/script>\n<!-- \/ Yoast SEO plugin. -->","yoast_head_json":{"title":"Notre Vision - Clearshift","robots":{"index":"index","follow":"follow","max-snippet":"max-snippet:-1","max-image-preview":"max-image-preview:large","max-video-preview":"max-video-preview:-1"},"canonical":"https:\/\/clearshiftinc.com\/our-vision\/","og_locale":"fr_FR","og_type":"article","og_title":"Notre Vision - Clearshift","og_description":"Nous sommes convaincus qu\u2019il est important de permettre \u00e0 nos clients de reprendre le contr\u00f4le de leurs finances. La norme est \u00e0 l&#8217;opacit\u00e9 des co\u00fbts. Nous d\u00e9fions ce status quo. Dans cette dynamique vers un monde meilleur de la finance, nous esp\u00e9rons provoquer une r\u00e9action en cha\u00eene vers les autres industries. Clearshift est Clairement Meilleur [&hellip;]","og_url":"https:\/\/clearshiftinc.com\/our-vision\/","og_site_name":"Clearshift","article_modified_time":"2021-03-04T13:20:10+00:00","twitter_card":"summary_large_image","twitter_misc":{"Est. reading time":"1 minute"},"schema":{"@context":"https:\/\/schema.org","@graph":[{"@type":"WebPage","@id":"https:\/\/clearshiftinc.com\/our-vision\/","url":"https:\/\/clearshiftinc.com\/our-vision\/","name":"Notre Vision - Clearshift","isPartOf":{"@id":"https:\/\/clearshiftinc.com\/#website"},"datePublished":"2020-01-29T07:37:19+00:00","dateModified":"2021-03-04T13:20:10+00:00","breadcrumb":{"@id":"https:\/\/clearshiftinc.com\/our-vision\/#breadcrumb"},"inLanguage":"fr-EU","potentialAction":[{"@type":"ReadAction","target":["https:\/\/clearshiftinc.com\/our-vision\/"]}]},{"@type":"BreadcrumbList","@id":"https:\/\/clearshiftinc.com\/our-vision\/#breadcrumb","itemListElement":[{"@type":"ListItem","position":1,"name":"Page d&#039;accueil","item":"https:\/\/clearshiftinc.com\/fr-eu\/"},{"@type":"ListItem","position":2,"name":"Notre Vision"}]},{"@type":"WebSite","@id":"https:\/\/clearshiftinc.com\/#website","url":"https:\/\/clearshiftinc.com\/","name":"Clearshift","description":"","potentialAction":[{"@type":"SearchAction","target":{"@type":"EntryPoint","urlTemplate":"https:\/\/clearshiftinc.com\/?s={search_term_string}"},"query-input":{"@type":"PropertyValueSpecification","valueRequired":true,"valueName":"search_term_string"}}],"inLanguage":"fr-EU"}]}},"_links":{"self":[{"href":"https:\/\/clearshiftinc.com\/fr-eu\/wp-json\/wp\/v2\/pages\/1579","targetHints":{"allow":["GET"]}}],"collection":[{"href":"https:\/\/clearshiftinc.com\/fr-eu\/wp-json\/wp\/v2\/pages"}],"about":[{"href":"https:\/\/clearshiftinc.com\/fr-eu\/wp-json\/wp\/v2\/types\/page"}],"author":[{"embeddable":true,"href":"https:\/\/clearshiftinc.com\/fr-eu\/wp-json\/wp\/v2\/users\/1"}],"replies":[{"embeddable":true,"href":"https:\/\/clearshiftinc.com\/fr-eu\/wp-json\/wp\/v2\/comments?post=1579"}],"version-history":[{"count":1,"href":"https:\/\/clearshiftinc.com\/fr-eu\/wp-json\/wp\/v2\/pages\/1579\/revisions"}],"predecessor-version":[{"id":1666,"href":"https:\/\/clearshiftinc.com\/fr-eu\/wp-json\/wp\/v2\/pages\/1579\/revisions\/1666"}],"wp:attachment":[{"href":"https:\/\/clearshiftinc.com\/fr-eu\/wp-json\/wp\/v2\/media?parent=1579"}],"curies":[{"name":"wp","href":"https:\/\/api.w.org\/{rel}","templated":true}]}}