{"id":1577,"date":"2020-01-29T08:26:27","date_gmt":"2020-01-29T08:26:27","guid":{"rendered":"https:\/\/www.clearshiftinc.com\/security\/"},"modified":"2025-08-05T07:30:59","modified_gmt":"2025-08-05T07:30:59","slug":"security","status":"publish","type":"page","link":"https:\/\/clearshiftinc.com\/fr-eu\/security\/","title":{"rendered":"S\u00e9curit\u00e9"},"content":{"rendered":"<p>Chez Clearshift, nous ne prenons pas \u00e0 la l\u00e9g\u00e8re la gestion des fonds de nos clients.<br \/>\nEn la mati\u00e8re, nous adoptons une approche proactive, en appliquant une vari\u00e9t\u00e9 de bonnes pratiques pour assurer la s\u00e9curit\u00e9 de nos proc\u00e9dures et celle des capitaux de nos clients.<br \/>\nClearshift cloisonne tous les fonds de ses clients dans des comptes sp\u00e9cialement d\u00e9sign\u00e9s \u00e0 cette fin.<br \/>\nEn d&#8217;autres termes, vos fonds n&#8217;int\u00e8grent jamais le compte propre de Clearshift.<br \/>\nNotre objectif est ainsi d&#8217;isoler votre argent de tout risque associ\u00e9 \u00e0 notre activit\u00e9.<br \/>\nAfin de prot\u00e9ger les fonds de nos clients contre les risques externes, Clearshift rend impossible l&#8217;ex\u00e9cution de toute transaction tant que le client n\u2019a pas suffisamment approvisionn\u00e9 son compte Clearshift pour l&#8217;op\u00e9ration de change souhait\u00e9e.<br \/>\nBien que cela puisse \u00e9ventuellement ralentir les transactions et incommoder certains clients, les r\u00e8gles de s\u00e9curit\u00e9 de notre syst\u00e8me de r\u00e8glement font obstacle \u00e0 toute prise de risque dans la livraison de capitaux avec tout client.<br \/>\nClearshift est \u00e9galement assur\u00e9. Nous avons les couvertures d&#8217;assurance standard destin\u00e9es \u00e0 prot\u00e9ger les Institutions Financi\u00e8res contre la Criminalit\u00e9 financi\u00e8re et les Erreurs &amp; Omissions. Des copies des certificats d&#8217;assurance en vigueur sont disponibles sur demande.<\/p>\n<p><strong>R\u00e9glementation:<\/strong><br \/>\nLe march\u00e9 du transfert de devises est tr\u00e8s r\u00e9glement\u00e9 \u00e0 travers le monde.<br \/>\nLa r\u00e9glementation en vigueur vise \u00e0 la fois \u00e0 prot\u00e9ger les clients et \u00e0 pr\u00e9venir le blanchiment d\u2019argent ainsi que le financement du terrorisme. En raison des exigences impos\u00e9es par nos agr\u00e9ments et des restrictions r\u00e9glementaires, Clearshift peut \u00eatre amen\u00e9 \u00e0 limiter ses services pour certains clients dans divers pays ou secteurs d&#8217;activit\u00e9.<br \/>\nClearshift assure \u00e0 ses clients le confort de pouvoir se reposer sur le contr\u00f4le ind\u00e9pendant des autorit\u00e9s r\u00e9glementaires auquel nous sommes soumis.<br \/>\nClearshift UAB est <strong><a href=\"https:\/\/www.lb.lt\/lt\/frd-licencijos\/view_license?id=1932\" target=\"_blank\" rel=\"noopener\">agr\u00e9\u00e9<\/a><\/strong> en tant qu&#8217;\u00e9tablissement de monnaie \u00e9lectronique enregistr\u00e9 en Lituanie, autoris\u00e9 et r\u00e9glement\u00e9 par la Banque de Lituanie.<\/p>\n<p>Clearshift Israel Ltd. est agr\u00e9\u00e9 par le Minist\u00e8re des Finances Isra\u00e9lien\u00a0&#8211; <a href=\"https:\/\/www.gov.il\/en\/departments\/Units\/department_cma\" target=\"_blank\" rel=\"nofollow noopener\"><strong>l&#8217;Autorit\u00e9 des march\u00e9s de capitaux<\/strong><\/a>, de l&#8217;Assurance et de l&#8217;\u00c9pargne en tant que Prestataire de Services Financiers R\u00e9glement\u00e9s sous le <strong><a href=\"https:\/\/fslproviders.cma.gov.il\/\" target=\"_blank\" rel=\"nofollow noopener\">n\u00b056955<\/a><\/strong>.<br \/>\nAux \u00c9tats-Unis, Clearshift est enregistr\u00e9e aupr\u00e8s du minist\u00e8re des finances en tant qu&#8217;entreprise de services mon\u00e9taires et est <a href=\"https:\/\/www.clearshiftinc.com\/wp-content\/uploads\/2025\/08\/Clearshift-US-License-expires-June-2026.pdf\"><strong>agr\u00e9\u00e9e<\/strong><\/a>\u00a0en tant qu&#8217;\u00e9metteur de fonds par le New Jersey Department of Banking &amp; Insurance.<\/p>\n<p>Veuillez consulter nos <strong><a href=\"https:\/\/www.clearshiftinc.com\/wp-content\/uploads\/2021\/03\/2021-03-03-CS-UAB-TC-final.pdf\">Conditions G\u00e9n\u00e9rales<\/a><\/strong>.<\/p>\n","protected":false},"excerpt":{"rendered":"<p>Chez Clearshift, nous ne prenons pas \u00e0 la l\u00e9g\u00e8re la gestion des fonds de nos clients. En la mati\u00e8re, nous adoptons une approche proactive, en appliquant une vari\u00e9t\u00e9 de bonnes pratiques pour assurer la s\u00e9curit\u00e9 de nos proc\u00e9dures et celle des capitaux de nos clients. Clearshift cloisonne tous les fonds de ses clients dans des [&hellip;]<\/p>\n","protected":false},"author":1,"featured_media":0,"parent":0,"menu_order":0,"comment_status":"closed","ping_status":"closed","template":"pages\/page-security.php","meta":{"_acf_changed":false,"footnotes":""},"class_list":["post-1577","page","type-page","status-publish","hentry"],"acf":[],"yoast_head":"<!-- This site is optimized with the Yoast SEO plugin v27.2 - https:\/\/yoast.com\/product\/yoast-seo-wordpress\/ -->\n<title>S\u00e9curit\u00e9 - Clearshift<\/title>\n<meta name=\"robots\" content=\"index, follow, max-snippet:-1, max-image-preview:large, max-video-preview:-1\" \/>\n<link rel=\"canonical\" href=\"https:\/\/clearshiftinc.com\/security\/\" \/>\n<meta property=\"og:locale\" content=\"fr_FR\" \/>\n<meta property=\"og:type\" content=\"article\" \/>\n<meta property=\"og:title\" content=\"S\u00e9curit\u00e9 - Clearshift\" \/>\n<meta property=\"og:description\" content=\"Chez Clearshift, nous ne prenons pas \u00e0 la l\u00e9g\u00e8re la gestion des fonds de nos clients. En la mati\u00e8re, nous adoptons une approche proactive, en appliquant une vari\u00e9t\u00e9 de bonnes pratiques pour assurer la s\u00e9curit\u00e9 de nos proc\u00e9dures et celle des capitaux de nos clients. Clearshift cloisonne tous les fonds de ses clients dans des [&hellip;]\" \/>\n<meta property=\"og:url\" content=\"https:\/\/clearshiftinc.com\/security\/\" \/>\n<meta property=\"og:site_name\" content=\"Clearshift\" \/>\n<meta property=\"article:modified_time\" content=\"2025-08-05T07:30:59+00:00\" \/>\n<meta name=\"twitter:card\" content=\"summary_large_image\" \/>\n<meta name=\"twitter:label1\" content=\"Est. reading time\" \/>\n\t<meta name=\"twitter:data1\" content=\"2 minutes\" \/>\n<script type=\"application\/ld+json\" class=\"yoast-schema-graph\">{\"@context\":\"https:\/\/schema.org\",\"@graph\":[{\"@type\":\"WebPage\",\"@id\":\"https:\/\/clearshiftinc.com\/security\/\",\"url\":\"https:\/\/clearshiftinc.com\/security\/\",\"name\":\"S\u00e9curit\u00e9 - Clearshift\",\"isPartOf\":{\"@id\":\"https:\/\/clearshiftinc.com\/#website\"},\"datePublished\":\"2020-01-29T08:26:27+00:00\",\"dateModified\":\"2025-08-05T07:30:59+00:00\",\"breadcrumb\":{\"@id\":\"https:\/\/clearshiftinc.com\/security\/#breadcrumb\"},\"inLanguage\":\"fr-EU\",\"potentialAction\":[{\"@type\":\"ReadAction\",\"target\":[\"https:\/\/clearshiftinc.com\/security\/\"]}]},{\"@type\":\"BreadcrumbList\",\"@id\":\"https:\/\/clearshiftinc.com\/security\/#breadcrumb\",\"itemListElement\":[{\"@type\":\"ListItem\",\"position\":1,\"name\":\"Page d&#039;accueil\",\"item\":\"https:\/\/clearshiftinc.com\/fr-eu\/\"},{\"@type\":\"ListItem\",\"position\":2,\"name\":\"S\u00e9curit\u00e9\"}]},{\"@type\":\"WebSite\",\"@id\":\"https:\/\/clearshiftinc.com\/#website\",\"url\":\"https:\/\/clearshiftinc.com\/\",\"name\":\"Clearshift\",\"description\":\"\",\"potentialAction\":[{\"@type\":\"SearchAction\",\"target\":{\"@type\":\"EntryPoint\",\"urlTemplate\":\"https:\/\/clearshiftinc.com\/?s={search_term_string}\"},\"query-input\":{\"@type\":\"PropertyValueSpecification\",\"valueRequired\":true,\"valueName\":\"search_term_string\"}}],\"inLanguage\":\"fr-EU\"}]}<\/script>\n<!-- \/ Yoast SEO plugin. -->","yoast_head_json":{"title":"S\u00e9curit\u00e9 - Clearshift","robots":{"index":"index","follow":"follow","max-snippet":"max-snippet:-1","max-image-preview":"max-image-preview:large","max-video-preview":"max-video-preview:-1"},"canonical":"https:\/\/clearshiftinc.com\/security\/","og_locale":"fr_FR","og_type":"article","og_title":"S\u00e9curit\u00e9 - Clearshift","og_description":"Chez Clearshift, nous ne prenons pas \u00e0 la l\u00e9g\u00e8re la gestion des fonds de nos clients. En la mati\u00e8re, nous adoptons une approche proactive, en appliquant une vari\u00e9t\u00e9 de bonnes pratiques pour assurer la s\u00e9curit\u00e9 de nos proc\u00e9dures et celle des capitaux de nos clients. Clearshift cloisonne tous les fonds de ses clients dans des [&hellip;]","og_url":"https:\/\/clearshiftinc.com\/security\/","og_site_name":"Clearshift","article_modified_time":"2025-08-05T07:30:59+00:00","twitter_card":"summary_large_image","twitter_misc":{"Est. reading time":"2 minutes"},"schema":{"@context":"https:\/\/schema.org","@graph":[{"@type":"WebPage","@id":"https:\/\/clearshiftinc.com\/security\/","url":"https:\/\/clearshiftinc.com\/security\/","name":"S\u00e9curit\u00e9 - Clearshift","isPartOf":{"@id":"https:\/\/clearshiftinc.com\/#website"},"datePublished":"2020-01-29T08:26:27+00:00","dateModified":"2025-08-05T07:30:59+00:00","breadcrumb":{"@id":"https:\/\/clearshiftinc.com\/security\/#breadcrumb"},"inLanguage":"fr-EU","potentialAction":[{"@type":"ReadAction","target":["https:\/\/clearshiftinc.com\/security\/"]}]},{"@type":"BreadcrumbList","@id":"https:\/\/clearshiftinc.com\/security\/#breadcrumb","itemListElement":[{"@type":"ListItem","position":1,"name":"Page d&#039;accueil","item":"https:\/\/clearshiftinc.com\/fr-eu\/"},{"@type":"ListItem","position":2,"name":"S\u00e9curit\u00e9"}]},{"@type":"WebSite","@id":"https:\/\/clearshiftinc.com\/#website","url":"https:\/\/clearshiftinc.com\/","name":"Clearshift","description":"","potentialAction":[{"@type":"SearchAction","target":{"@type":"EntryPoint","urlTemplate":"https:\/\/clearshiftinc.com\/?s={search_term_string}"},"query-input":{"@type":"PropertyValueSpecification","valueRequired":true,"valueName":"search_term_string"}}],"inLanguage":"fr-EU"}]}},"_links":{"self":[{"href":"https:\/\/clearshiftinc.com\/fr-eu\/wp-json\/wp\/v2\/pages\/1577","targetHints":{"allow":["GET"]}}],"collection":[{"href":"https:\/\/clearshiftinc.com\/fr-eu\/wp-json\/wp\/v2\/pages"}],"about":[{"href":"https:\/\/clearshiftinc.com\/fr-eu\/wp-json\/wp\/v2\/types\/page"}],"author":[{"embeddable":true,"href":"https:\/\/clearshiftinc.com\/fr-eu\/wp-json\/wp\/v2\/users\/1"}],"replies":[{"embeddable":true,"href":"https:\/\/clearshiftinc.com\/fr-eu\/wp-json\/wp\/v2\/comments?post=1577"}],"version-history":[{"count":16,"href":"https:\/\/clearshiftinc.com\/fr-eu\/wp-json\/wp\/v2\/pages\/1577\/revisions"}],"predecessor-version":[{"id":4538,"href":"https:\/\/clearshiftinc.com\/fr-eu\/wp-json\/wp\/v2\/pages\/1577\/revisions\/4538"}],"wp:attachment":[{"href":"https:\/\/clearshiftinc.com\/fr-eu\/wp-json\/wp\/v2\/media?parent=1577"}],"curies":[{"name":"wp","href":"https:\/\/api.w.org\/{rel}","templated":true}]}}